{"id":457,"date":"2017-05-03T12:20:54","date_gmt":"2017-05-03T10:20:54","guid":{"rendered":"http:\/\/www.regmed-wroclaw.pl\/?page_id=457"},"modified":"2025-10-13T11:33:22","modified_gmt":"2025-10-13T09:33:22","slug":"wybielanie-zebow","status":"publish","type":"page","link":"https:\/\/www.regmed.pl\/index.php\/oferta\/wybielanie-zebow\/","title":{"rendered":"Wybielanie z\u0119b\u00f3w"},"content":{"rendered":"<p>[et_pb_section fb_built=&#8221;1&#8243; fullwidth=&#8221;on&#8221; admin_label=&#8221;Sekcja&#8221; _builder_version=&#8221;4.16&#8243; background_image=&#8221;https:\/\/www.regmed.pl\/wp-content\/uploads\/2017\/05\/regmedd.jpg&#8221; transparent_background=&#8221;off&#8221; make_fullwidth=&#8221;off&#8221; use_custom_width=&#8221;off&#8221; width_unit=&#8221;on&#8221; global_colors_info=&#8221;{}&#8221;][et_pb_fullwidth_header title=&#8221;Wybielanie z\u0119b\u00f3w&#8221; content_max_width=&#8221;none&#8221; admin_label=&#8221;Nag\u0142\u00f3wek pe\u0142nej szeroko\u015bci&#8221; _builder_version=&#8221;4.16&#8243; background_color=&#8221;rgba(255, 255, 255, 0)&#8221; background_layout=&#8221;light&#8221; button_one_letter_spacing_hover=&#8221;0&#8243; button_two_letter_spacing_hover=&#8221;0&#8243; global_colors_info=&#8221;{}&#8221; button_one_text_size__hover_enabled=&#8221;off&#8221; button_two_text_size__hover_enabled=&#8221;off&#8221; button_one_text_color__hover_enabled=&#8221;off&#8221; button_two_text_color__hover_enabled=&#8221;off&#8221; button_one_border_width__hover_enabled=&#8221;off&#8221; button_two_border_width__hover_enabled=&#8221;off&#8221; button_one_border_color__hover_enabled=&#8221;off&#8221; button_two_border_color__hover_enabled=&#8221;off&#8221; button_one_border_radius__hover_enabled=&#8221;off&#8221; button_two_border_radius__hover_enabled=&#8221;off&#8221; button_one_letter_spacing__hover_enabled=&#8221;on&#8221; button_one_letter_spacing__hover=&#8221;0&#8243; button_two_letter_spacing__hover_enabled=&#8221;on&#8221; button_two_letter_spacing__hover=&#8221;0&#8243; button_one_bg_color__hover_enabled=&#8221;off&#8221; button_two_bg_color__hover_enabled=&#8221;off&#8221;][\/et_pb_fullwidth_header][\/et_pb_section][et_pb_section fb_built=&#8221;1&#8243; specialty=&#8221;on&#8221; admin_label=&#8221;Sekcja&#8221; _builder_version=&#8221;4.16&#8243; global_colors_info=&#8221;{}&#8221;][et_pb_column type=&#8221;2_3&#8243; specialty_columns=&#8221;2&#8243; _builder_version=&#8221;4.16&#8243; custom_padding=&#8221;|||&#8221; global_colors_info=&#8221;{}&#8221; custom_padding__hover=&#8221;|||&#8221;][et_pb_row_inner admin_label=&#8221;Wiersz&#8221; _builder_version=&#8221;4.16&#8243; global_colors_info=&#8221;{}&#8221;][et_pb_column_inner saved_specialty_column_type=&#8221;2_3&#8243; _builder_version=&#8221;4.16&#8243; custom_padding=&#8221;|||&#8221; global_colors_info=&#8221;{}&#8221; custom_padding__hover=&#8221;|||&#8221;][et_pb_text admin_label=&#8221;Tekst&#8221; _builder_version=&#8221;4.16&#8243; background_size=&#8221;initial&#8221; background_position=&#8221;top_left&#8221; background_repeat=&#8221;repeat&#8221; use_border_color=&#8221;off&#8221; border_color=&#8221;#ffffff&#8221; border_style=&#8221;solid&#8221; global_colors_info=&#8221;{}&#8221;]<\/p>\n<p><strong>Jak si\u0119 wybiela z\u0119by?<\/strong><\/p>\n<p>W przychodni REGMED mo\u017cemy zaproponowa\u0107 Pacjentowi dwa rodzaje wybielania z\u0119b\u00f3w metoda nak\u0142adkow\u0105 oraz metod\u0105 BEYOND. Nale\u017cy jednak mie\u0107 na uwadze, \u017ce zanim zaczniemy wybielanie, z\u0119by musz\u0105 by\u0107 zdrowe i wyleczone z ka\u017cdego ubytku.<\/p>\n<ul>\n<li><strong>Metoda nak\u0142adkowa<\/strong> \u2013 jest to metoda w pe\u0142ni bezpieczna i w 90% skuteczna. W Stomatologii Regmed stosujemy \u017cele wybielaj\u0105ce, kt\u00f3re s\u0105 ca\u0142kowicie nieszkodliwe, nie powoduj\u0105 zmian chemicznych w strukturze z\u0119ba oraz ich nie os\u0142abiaj\u0105. Pacjent dostaje od stomatologa \u017cel do wybielania oraz specjalne \u017celowe nak\u0142adki, kt\u00f3re wcze\u015bniej zosta\u0142y wykonane na podstawie wycisku z\u0119b\u00f3w Pacjenta. Pacjent u\u017cywa nak\u0142adek w domu wed\u0142ug zalece\u0144 lekarza.<\/li>\n<li><strong>Metoda BEYOND<\/strong> \u2013 jest to metoda wybielania z\u0119b\u00f3w specjalistyczna lamp\u0105 BEYOND, kt\u00f3r\u0105 wykonuje si\u0119 w gabinecie dentystycznym. Polega ona na utlenieniu przebarwie\u0144, kt\u00f3re znajduj\u0105 si\u0119 na z\u0119bach za pomoc\u0105 aktywnego tlenu. Zabieg ten wykonywany jest w gabinecie i trwa raptem ok 60 minut. Efekt jest natychmiastowy. Metoda ta jest ca\u0142kowicie bezpieczna i nie niszczy struktury z\u0119ba.<\/li>\n<\/ul>\n<p>&nbsp;<\/p>\n<p>[\/et_pb_text][et_pb_image src=&#8221;https:\/\/www.regmed.pl\/wp-content\/uploads\/2017\/05\/wybielanie_regmed.jpg&#8221; align_tablet=&#8221;center&#8221; align_last_edited=&#8221;on|desktop&#8221; admin_label=&#8221;Obraz&#8221; _builder_version=&#8221;4.16&#8243; animation_style=&#8221;slide&#8221; animation_direction=&#8221;left&#8221; animation_duration=&#8221;500ms&#8221; animation_intensity_slide=&#8221;10%&#8221; use_border_color=&#8221;off&#8221; border_color=&#8221;#ffffff&#8221; border_style=&#8221;solid&#8221; animation=&#8221;left&#8221; sticky=&#8221;off&#8221; always_center_on_mobile=&#8221;on&#8221; global_colors_info=&#8221;{}&#8221; align_phone=&#8221;center&#8221;][\/et_pb_image][et_pb_testimonial admin_label=&#8221;Opinia&#8221; _builder_version=&#8221;4.16&#8243; background_color=&#8221;#0bb3b1&#8243; background_size=&#8221;initial&#8221; background_position=&#8221;top_left&#8221; background_repeat=&#8221;repeat&#8221; background_layout=&#8221;dark&#8221; use_border_color=&#8221;off&#8221; border_color=&#8221;#ffffff&#8221; border_style=&#8221;solid&#8221; global_colors_info=&#8221;{}&#8221;]<\/p>\n<p><strong>Dlaczego po wybielaniu z\u0119b\u00f3w nie mo\u017cna pi\u0107 kawy i czerwonego wina?\u00a0<\/strong><\/p>\n<p>Nale\u017cy pami\u0119ta\u0107, \u017ce po wybielaniu z\u0119b\u00f3w nale\u017cy unika\u0107 napoj\u00f3w i jedzenia kt\u00f3re potrafi\u0105 zabarwi\u0107 \u015bwie\u017co wybielone z\u0119by. Dzieje si\u0119 tak, gdy\u017c z\u0105b po wybieleniu jest wysuszony i ch\u0142onie bardziej wod\u0119. Stosuje si\u0119 zatem tzw. \u201ebia\u0142\u0105 diet\u0119\u201d, w kt\u00f3rej unikamy: wina, napoi i sok\u00f3w kolorowych, kawy, herbaty, palenia tytoniu oraz jedzenia owoc\u00f3w i warzyw barwi\u0105cych (marchew, buraki, pomara\u0144cze).<\/p>\n<p>Po wybielaniu z\u0119b\u00f3w mo\u017ce pojawi\u0107 si\u0119 chwilowa nadwra\u017cliwo\u015b\u0107 \u2013 zalecamy by stosowa\u0107 pasty do z\u0119b\u00f3w nadwra\u017cliwych, nawet ok tygodnia przed planowanym wybielaniem oraz w trakcie i po wybielaniu.<\/p>\n<p>[\/et_pb_testimonial][\/et_pb_column_inner][\/et_pb_row_inner][\/et_pb_column][et_pb_column type=&#8221;1_3&#8243; _builder_version=&#8221;4.16&#8243; custom_padding=&#8221;|||&#8221; global_colors_info=&#8221;{}&#8221; custom_padding__hover=&#8221;|||&#8221;][et_pb_cta title=&#8221;Ile to kosztuje?&#8221; button_url=&#8221;https:\/\/www.regmed.pl\/index.php\/cennik\/&#8221; url_new_window=&#8221;on&#8221; button_text=&#8221;Sprawd\u017a&#8221; admin_label=&#8221;Ile to kosztuje?&#8221; _builder_version=&#8221;4.16&#8243; background_size=&#8221;initial&#8221; background_position=&#8221;top_left&#8221; background_repeat=&#8221;repeat&#8221; use_border_color=&#8221;off&#8221; border_color=&#8221;#ffffff&#8221; border_style=&#8221;solid&#8221; button_letter_spacing_hover=&#8221;0&#8243; global_colors_info=&#8221;{}&#8221; button_text_size__hover_enabled=&#8221;off&#8221; button_one_text_size__hover_enabled=&#8221;off&#8221; button_two_text_size__hover_enabled=&#8221;off&#8221; button_text_color__hover_enabled=&#8221;off&#8221; button_one_text_color__hover_enabled=&#8221;off&#8221; button_two_text_color__hover_enabled=&#8221;off&#8221; button_border_width__hover_enabled=&#8221;off&#8221; button_one_border_width__hover_enabled=&#8221;off&#8221; button_two_border_width__hover_enabled=&#8221;off&#8221; button_border_color__hover_enabled=&#8221;off&#8221; button_one_border_color__hover_enabled=&#8221;off&#8221; button_two_border_color__hover_enabled=&#8221;off&#8221; button_border_radius__hover_enabled=&#8221;off&#8221; button_one_border_radius__hover_enabled=&#8221;off&#8221; button_two_border_radius__hover_enabled=&#8221;off&#8221; button_letter_spacing__hover_enabled=&#8221;on&#8221; button_letter_spacing__hover=&#8221;0&#8243; button_one_letter_spacing__hover_enabled=&#8221;off&#8221; button_two_letter_spacing__hover_enabled=&#8221;off&#8221; button_bg_color__hover_enabled=&#8221;off&#8221; button_one_bg_color__hover_enabled=&#8221;off&#8221; button_two_bg_color__hover_enabled=&#8221;off&#8221;][\/et_pb_cta][et_pb_cta title=&#8221;Masz pytania ?&#8221; button_url=&#8221;#&#8221; url_new_window=&#8221;on&#8221; button_text=&#8221;Kontakt&#8221; admin_label=&#8221;Kontakt &#8211; ;linki&#8221; _builder_version=&#8221;4.16&#8243; background_size=&#8221;initial&#8221; background_position=&#8221;top_left&#8221; background_repeat=&#8221;repeat&#8221; use_border_color=&#8221;off&#8221; border_color=&#8221;#ffffff&#8221; border_style=&#8221;solid&#8221; button_letter_spacing_hover=&#8221;0&#8243; global_colors_info=&#8221;{}&#8221; button_text_size__hover_enabled=&#8221;off&#8221; button_one_text_size__hover_enabled=&#8221;off&#8221; button_two_text_size__hover_enabled=&#8221;off&#8221; button_text_color__hover_enabled=&#8221;off&#8221; button_one_text_color__hover_enabled=&#8221;off&#8221; button_two_text_color__hover_enabled=&#8221;off&#8221; button_border_width__hover_enabled=&#8221;off&#8221; button_one_border_width__hover_enabled=&#8221;off&#8221; button_two_border_width__hover_enabled=&#8221;off&#8221; button_border_color__hover_enabled=&#8221;off&#8221; button_one_border_color__hover_enabled=&#8221;off&#8221; button_two_border_color__hover_enabled=&#8221;off&#8221; button_border_radius__hover_enabled=&#8221;off&#8221; button_one_border_radius__hover_enabled=&#8221;off&#8221; button_two_border_radius__hover_enabled=&#8221;off&#8221; button_letter_spacing__hover_enabled=&#8221;on&#8221; button_letter_spacing__hover=&#8221;0&#8243; button_one_letter_spacing__hover_enabled=&#8221;off&#8221; button_two_letter_spacing__hover_enabled=&#8221;off&#8221; button_bg_color__hover_enabled=&#8221;off&#8221; button_one_bg_color__hover_enabled=&#8221;off&#8221; button_two_bg_color__hover_enabled=&#8221;off&#8221;]Zach\u0119camy do kontaktu telefonicznego: <strong>71 367 62 11<\/strong> lub poprzez nasz formularz kontaktowy.<br \/>\n[\/et_pb_cta][et_pb_image src=&#8221;https:\/\/www.regmed.pl\/wp-content\/uploads\/2017\/05\/beyond_tooth_whietining.jpg&#8221; align_tablet=&#8221;center&#8221; align_last_edited=&#8221;on|desktop&#8221; admin_label=&#8221;Obraz&#8221; _builder_version=&#8221;4.16&#8243; animation_style=&#8221;slide&#8221; animation_direction=&#8221;left&#8221; animation_duration=&#8221;500ms&#8221; animation_intensity_slide=&#8221;10%&#8221; use_border_color=&#8221;off&#8221; border_color=&#8221;#ffffff&#8221; border_style=&#8221;solid&#8221; animation=&#8221;left&#8221; sticky=&#8221;off&#8221; always_center_on_mobile=&#8221;on&#8221; global_colors_info=&#8221;{}&#8221; align_phone=&#8221;center&#8221;][\/et_pb_image][et_pb_image src=&#8221;https:\/\/www.regmed.pl\/wp-content\/uploads\/2017\/05\/beyond_wybielanie.jpg&#8221; align_tablet=&#8221;center&#8221; align_last_edited=&#8221;on|desktop&#8221; admin_label=&#8221;Obraz&#8221; _builder_version=&#8221;4.16&#8243; animation_style=&#8221;slide&#8221; animation_direction=&#8221;left&#8221; animation_duration=&#8221;500ms&#8221; animation_intensity_slide=&#8221;10%&#8221; use_border_color=&#8221;off&#8221; border_color=&#8221;#ffffff&#8221; border_style=&#8221;solid&#8221; animation=&#8221;left&#8221; sticky=&#8221;off&#8221; always_center_on_mobile=&#8221;on&#8221; global_colors_info=&#8221;{}&#8221; align_phone=&#8221;center&#8221;][\/et_pb_image][\/et_pb_column][\/et_pb_section][et_pb_section fb_built=&#8221;1&#8243; admin_label=&#8221;Sekcja&#8221; _builder_version=&#8221;4.16&#8243; background_color=&#8221;#0b7372&#8243; transparent_background=&#8221;off&#8221; make_fullwidth=&#8221;off&#8221; use_custom_width=&#8221;off&#8221; width_unit=&#8221;on&#8221; global_colors_info=&#8221;{}&#8221;][et_pb_row column_structure=&#8221;1_4,1_4,1_4,1_4&#8243; admin_label=&#8221;Wiersz&#8221; _builder_version=&#8221;3.25&#8243; background_size=&#8221;initial&#8221; background_position=&#8221;top_left&#8221; background_repeat=&#8221;repeat&#8221; make_fullwidth=&#8221;off&#8221; use_custom_width=&#8221;off&#8221; width_unit=&#8221;on&#8221; global_module=&#8221;340&#8243; global_colors_info=&#8221;{}&#8221;][et_pb_column type=&#8221;1_4&#8243; _builder_version=&#8221;4.16&#8243; custom_padding=&#8221;|||&#8221; global_colors_info=&#8221;{}&#8221; custom_padding__hover=&#8221;|||&#8221;][et_pb_image src=&#8221;https:\/\/www.regmed.pl\/wp-content\/uploads\/2017\/04\/REGMED_LOGO_BIALE-PNG.png&#8221; align_tablet=&#8221;center&#8221; align_phone=&#8221;&#8221; align_last_edited=&#8221;on|desktop&#8221; _builder_version=&#8221;4.16&#8243; animation_style=&#8221;slide&#8221; animation_direction=&#8221;left&#8221; animation_duration=&#8221;500ms&#8221; animation_intensity_slide=&#8221;10%&#8221; use_border_color=&#8221;off&#8221; border_color=&#8221;#ffffff&#8221; border_style=&#8221;solid&#8221; animation=&#8221;left&#8221; sticky=&#8221;off&#8221; always_center_on_mobile=&#8221;on&#8221; global_colors_info=&#8221;{}&#8221;][\/et_pb_image][\/et_pb_column][et_pb_column type=&#8221;1_4&#8243; _builder_version=&#8221;4.16&#8243; custom_padding=&#8221;|||&#8221; global_colors_info=&#8221;{}&#8221; custom_padding__hover=&#8221;|||&#8221;][et_pb_text _builder_version=&#8221;4.16&#8243; background_size=&#8221;initial&#8221; background_position=&#8221;top_left&#8221; background_repeat=&#8221;repeat&#8221; background_layout=&#8221;dark&#8221; use_border_color=&#8221;off&#8221; border_color=&#8221;#ffffff&#8221; border_style=&#8221;solid&#8221; global_colors_info=&#8221;{}&#8221;]<\/p>\n<p><strong>REGMED STOMATOLOGIA<\/strong><br \/>PRZYCHODNIA DENTYSTYCZNA<\/p>\n<div class=\"mod\" data-md=\"1002\" data-hveid=\"136\" data-ved=\"0ahUKEwjx78awnrvTAhUM2SwKHeXlA7YQkCkIiAEoAjAP\">\n<div class=\"_eFb\">\n<div class=\"_mr kno-fb-ctx\" data-dtype=\"d3adr\" data-ved=\"0ahUKEwjx78awnrvTAhUM2SwKHeXlA7YQghwIiQEoADAP\"><span class=\"_xdb\">Adres: <\/span><span class=\"_Xbe\">Nyska 70,<br \/>50-505 Wroc\u0142aw<\/span><\/div>\n<\/div>\n<\/div>\n<p>[\/et_pb_text][\/et_pb_column][et_pb_column type=&#8221;1_4&#8243; _builder_version=&#8221;4.16&#8243; custom_padding=&#8221;|||&#8221; global_colors_info=&#8221;{}&#8221; custom_padding__hover=&#8221;|||&#8221;][et_pb_text _builder_version=&#8221;4.16&#8243; background_size=&#8221;initial&#8221; background_position=&#8221;top_left&#8221; background_repeat=&#8221;repeat&#8221; background_layout=&#8221;dark&#8221; use_border_color=&#8221;off&#8221; border_color=&#8221;#ffffff&#8221; border_style=&#8221;solid&#8221; global_colors_info=&#8221;{}&#8221;]<\/p>\n<p>GODZINY PRZYJ\u0118CIA PRZYCHODNI<br \/>Pn \u2013 Pt: 8:00 \u2013 20:00<\/p>\n<p>REJESTRACJA TELEFONICZNA:<br \/><strong>71 367 62 11<\/strong><strong><\/strong><strong><\/strong><\/p>\n<p>REJESTRACJA DO ZDJ\u0118\u0106 RTG:<br \/><strong>71 333 20 00<br \/><\/strong><\/p>\n<p><strong><\/strong><\/p>\n<p>[\/et_pb_text][\/et_pb_column][et_pb_column type=&#8221;1_4&#8243; _builder_version=&#8221;4.16&#8243; custom_padding=&#8221;|||&#8221; global_colors_info=&#8221;{}&#8221; custom_padding__hover=&#8221;|||&#8221;][et_pb_text _builder_version=&#8221;4.16&#8243; background_size=&#8221;initial&#8221; background_position=&#8221;top_left&#8221; background_repeat=&#8221;repeat&#8221; background_layout=&#8221;dark&#8221; use_border_color=&#8221;off&#8221; border_color=&#8221;#ffffff&#8221; border_style=&#8221;solid&#8221; global_colors_info=&#8221;{}&#8221;]<\/p>\n<p><img loading=\"lazy\" decoding=\"async\" class=\"wp-image-312 alignleft\" src=\"https:\/\/www.regmed.pl\/wp-content\/uploads\/2017\/04\/bolizabek_beztla-165x300.png\" alt=\"\" width=\"68\" height=\"124\" srcset=\"https:\/\/www.regmed.pl\/wp-content\/uploads\/2017\/04\/bolizabek_beztla-165x300.png 165w, https:\/\/www.regmed.pl\/wp-content\/uploads\/2017\/04\/bolizabek_beztla.png 344w\" sizes=\"(max-width: 68px) 100vw, 68px\" \/><strong>Boliz\u0105bek<\/strong> &#8211; Wroc\u0142awski Krasnoludek<br \/>patron Przychodni REGMED.<\/p>\n<p>[\/et_pb_text][\/et_pb_column][\/et_pb_row][\/et_pb_section]<\/p>\n","protected":false},"excerpt":{"rendered":"<p>Jak si\u0119 wybiela z\u0119by? W przychodni REGMED mo\u017cemy zaproponowa\u0107 Pacjentowi dwa rodzaje wybielania z\u0119b\u00f3w metoda nak\u0142adkow\u0105 oraz metod\u0105 BEYOND. Nale\u017cy jednak mie\u0107 na uwadze, \u017ce zanim zaczniemy wybielanie, z\u0119by musz\u0105 by\u0107 zdrowe i wyleczone z ka\u017cdego ubytku. Metoda nak\u0142adkowa \u2013 jest to metoda w pe\u0142ni bezpieczna i w 90% skuteczna. W Stomatologii Regmed stosujemy \u017cele [&hellip;]<\/p>\n","protected":false},"author":1,"featured_media":0,"parent":107,"menu_order":0,"comment_status":"closed","ping_status":"closed","template":"","meta":{"_et_pb_use_builder":"on","_et_pb_old_content":"","_et_gb_content_width":"","footnotes":""},"_links":{"self":[{"href":"https:\/\/www.regmed.pl\/index.php\/wp-json\/wp\/v2\/pages\/457"}],"collection":[{"href":"https:\/\/www.regmed.pl\/index.php\/wp-json\/wp\/v2\/pages"}],"about":[{"href":"https:\/\/www.regmed.pl\/index.php\/wp-json\/wp\/v2\/types\/page"}],"author":[{"embeddable":true,"href":"https:\/\/www.regmed.pl\/index.php\/wp-json\/wp\/v2\/users\/1"}],"replies":[{"embeddable":true,"href":"https:\/\/www.regmed.pl\/index.php\/wp-json\/wp\/v2\/comments?post=457"}],"version-history":[{"count":6,"href":"https:\/\/www.regmed.pl\/index.php\/wp-json\/wp\/v2\/pages\/457\/revisions"}],"predecessor-version":[{"id":1229,"href":"https:\/\/www.regmed.pl\/index.php\/wp-json\/wp\/v2\/pages\/457\/revisions\/1229"}],"up":[{"embeddable":true,"href":"https:\/\/www.regmed.pl\/index.php\/wp-json\/wp\/v2\/pages\/107"}],"wp:attachment":[{"href":"https:\/\/www.regmed.pl\/index.php\/wp-json\/wp\/v2\/media?parent=457"}],"curies":[{"name":"wp","href":"https:\/\/api.w.org\/{rel}","templated":true}]}}