{"id":428,"date":"2017-05-03T11:43:43","date_gmt":"2017-05-03T09:43:43","guid":{"rendered":"http:\/\/www.regmed-wroclaw.pl\/?page_id=428"},"modified":"2025-10-13T11:30:56","modified_gmt":"2025-10-13T09:30:56","slug":"leczenie-endodontyczne","status":"publish","type":"page","link":"https:\/\/www.regmed.pl\/index.php\/oferta\/leczenie-endodontyczne\/","title":{"rendered":"Leczenie endodontyczne"},"content":{"rendered":"<p>[et_pb_section fb_built=&#8221;1&#8243; fullwidth=&#8221;on&#8221; admin_label=&#8221;Sekcja&#8221; _builder_version=&#8221;4.16&#8243; background_image=&#8221;https:\/\/www.regmed.pl\/wp-content\/uploads\/2017\/04\/OPIEKA.jpg&#8221; transparent_background=&#8221;off&#8221; make_fullwidth=&#8221;off&#8221; use_custom_width=&#8221;off&#8221; width_unit=&#8221;on&#8221; global_colors_info=&#8221;{}&#8221;][et_pb_fullwidth_header title=&#8221;Leczenie kana\u0142owe&#8221; text_orientation=&#8221;right&#8221; content_max_width=&#8221;none&#8221; admin_label=&#8221;Nag\u0142\u00f3wek pe\u0142nej szeroko\u015bci&#8221; _builder_version=&#8221;4.16&#8243; background_color=&#8221;rgba(255, 255, 255, 0)&#8221; background_layout=&#8221;light&#8221; button_one_letter_spacing_hover=&#8221;0&#8243; button_two_letter_spacing_hover=&#8221;0&#8243; global_colors_info=&#8221;{}&#8221; button_one_text_size__hover_enabled=&#8221;off&#8221; button_two_text_size__hover_enabled=&#8221;off&#8221; button_one_text_color__hover_enabled=&#8221;off&#8221; button_two_text_color__hover_enabled=&#8221;off&#8221; button_one_border_width__hover_enabled=&#8221;off&#8221; button_two_border_width__hover_enabled=&#8221;off&#8221; button_one_border_color__hover_enabled=&#8221;off&#8221; button_two_border_color__hover_enabled=&#8221;off&#8221; button_one_border_radius__hover_enabled=&#8221;off&#8221; button_two_border_radius__hover_enabled=&#8221;off&#8221; button_one_letter_spacing__hover_enabled=&#8221;on&#8221; button_one_letter_spacing__hover=&#8221;0&#8243; button_two_letter_spacing__hover_enabled=&#8221;on&#8221; button_two_letter_spacing__hover=&#8221;0&#8243; button_one_bg_color__hover_enabled=&#8221;off&#8221; button_two_bg_color__hover_enabled=&#8221;off&#8221;][\/et_pb_fullwidth_header][\/et_pb_section][et_pb_section fb_built=&#8221;1&#8243; specialty=&#8221;on&#8221; admin_label=&#8221;Sekcja&#8221; _builder_version=&#8221;4.16&#8243; global_colors_info=&#8221;{}&#8221;][et_pb_column type=&#8221;2_3&#8243; specialty_columns=&#8221;2&#8243; _builder_version=&#8221;4.16&#8243; custom_padding=&#8221;|||&#8221; global_colors_info=&#8221;{}&#8221; custom_padding__hover=&#8221;|||&#8221;][et_pb_row_inner admin_label=&#8221;Wiersz&#8221; _builder_version=&#8221;4.16&#8243; global_colors_info=&#8221;{}&#8221;][et_pb_column_inner saved_specialty_column_type=&#8221;2_3&#8243; _builder_version=&#8221;4.16&#8243; custom_padding=&#8221;|||&#8221; global_colors_info=&#8221;{}&#8221; custom_padding__hover=&#8221;|||&#8221;][et_pb_text admin_label=&#8221;Tekst&#8221; _builder_version=&#8221;4.16&#8243; background_size=&#8221;initial&#8221; background_position=&#8221;top_left&#8221; background_repeat=&#8221;repeat&#8221; use_border_color=&#8221;off&#8221; border_color=&#8221;#ffffff&#8221; border_style=&#8221;solid&#8221; global_colors_info=&#8221;{}&#8221;]<\/p>\n<p><strong><img loading=\"lazy\" decoding=\"async\" class=\"alignnone  wp-image-247\" src=\"https:\/\/www.regmed.pl\/wp-content\/uploads\/2017\/04\/16.png\" alt=\"\" width=\"70\" height=\"77\" \/><\/strong><\/p>\n<p><strong>Co to jest leczenie endodontyczne (kana\u0142owe)?\u00a0<\/strong><\/p>\n<p>Leczenie endodontyczne (kana\u0142owe) ma za zadanie usuni\u0119cie drobnoustroj\u00f3w powoduj\u0105cych choroby miazgi z\u0119ba. Leczenie polega na mechanicznym usuni\u0119ciu bakterii u\u017cywaj\u0105c precyzyjnych narz\u0119dzi, dzi\u0119ki czemu pozbywamy si\u0119 zaka\u017cenia i stanu zapalanego z\u0119ba. Nast\u0119pnie korze\u0144 z\u0119ba jest wype\u0142niany specjalnym materia\u0142em.<\/p>\n<p><strong><img loading=\"lazy\" decoding=\"async\" class=\"alignnone size-medium wp-image-430\" src=\"https:\/\/www.regmed.pl\/wp-content\/uploads\/2017\/05\/kanalowe_wikipedia-300x141.png\" alt=\"\" width=\"300\" height=\"141\" srcset=\"https:\/\/www.regmed.pl\/wp-content\/uploads\/2017\/05\/kanalowe_wikipedia-300x141.png 300w, https:\/\/www.regmed.pl\/wp-content\/uploads\/2017\/05\/kanalowe_wikipedia-768x361.png 768w, https:\/\/www.regmed.pl\/wp-content\/uploads\/2017\/05\/kanalowe_wikipedia.png 812w\" sizes=\"(max-width: 300px) 100vw, 300px\" \/><\/strong><\/p>\n<p><strong>Czy lepiej leczy\u0107 z\u0119ba endodontycznie czy usun\u0105\u0107?<\/strong><\/p>\n<p>Warto zaznaczy\u0107, \u017ce leczenie kana\u0142owe jest zawsze lepszym wyborem ni\u017c usuni\u0119cie z\u0119ba. Ekstrakcja z\u0119ba jest nieodwracalna i cz\u0119sto towarzysz\u0105 mu wi\u0119ksze koszty zwi\u0105zanie z wykonaniem mostu lub implantu z\u0119bowego by uzupe\u0142ni\u0107 braki z\u0119bowe.<\/p>\n<p><strong>Czy leczymy z\u0119by pod mikroskopem?<\/strong><\/p>\n<p>Tak, u\u017cywamy mikroskopu i innych wysoko wyspecjalizowanych sprz\u0119t\u00f3w. W naszym gabinecie REGMED do leczenia kana\u0142owego wykorzystujemy najnowsze sprz\u0119ty medyczne. By leczenie przebieg\u0142o prawid\u0142o poprzedzamy je diagnostyk\u0105 rentgenowsk\u0105 nast\u0119pnie do leczenia stosujemy endometry. Opracowujemy kana\u0142 przy u\u017cyciu pilnik\u00f3w maszynowych, a w razie potrzeby oferujemy leczenie pod mikroskopem.<\/p>\n<p>Leczenie endodontyczne z u\u017cyciem mikroskopu w odpowiednim momencie pozwala uratowa\u0107 z\u0105b oraz umo\u017cliwia jego odbudow\u0119. Dzi\u0119ki nowoczesnym technikom stosowanym w naszej przychodni leczymy z\u0119by, kt\u00f3re do niedawna skazane by\u0142y na usuni\u0119cie.<\/p>\n<p>[\/et_pb_text][et_pb_testimonial admin_label=&#8221;Opinia&#8221; _builder_version=&#8221;4.16&#8243; background_color=&#8221;#0bb3b1&#8243; background_size=&#8221;initial&#8221; background_position=&#8221;top_left&#8221; background_repeat=&#8221;repeat&#8221; background_layout=&#8221;dark&#8221; use_border_color=&#8221;off&#8221; border_color=&#8221;#ffffff&#8221; border_style=&#8221;solid&#8221; global_colors_info=&#8221;{}&#8221;]Dlaczego leczenie endodyczne jest \u00a0potrzebne?<\/p>\n<p>Nieleczone zmiany pr\u00f3chnicze wnikaj\u0105 w coraz g\u0142\u0119bsze warstwy z\u0119ba. Najpierw pr\u00f3chnica atakuje z\u0119bin\u0119, by z czasem dotrze\u0107 do miazgi. Rozmna\u017caj\u0105ce si\u0119 bakterie wywo\u0142uj\u0105 stan zapalny tej cz\u0119\u015bci z\u0119ba. Przy ostrym zapaleniu b\u00f3le s\u0105 bardzo silne. Mog\u0105 si\u0119 pojawi\u0107 nagle i trwa\u0107 od kilku minut do kilku godzin. Nasilaj\u0105 si\u0119 podczas jedzenia s\u0142odyczy lub picia czego\u015b gor\u0105cego albo zimnego. Dokuczaj\u0105 te\u017c przy zmianie pozycji &#8211; pochylaniu si\u0119 lub k\u0142adzeniu.<br \/>\nJe\u017celi na tym etapie nie rozpoczniesz leczenia, zapalenie miazgi mo\u017ce si\u0119 przeistoczy\u0107 w martwic\u0119, a nawet zgorzel. Bakterie zniszcz\u0105 wierzcho\u0142ek z\u0119ba i przedostan\u0105 si\u0119 do otaczaj\u0105cych go tkanek. Kolejny cios zadadz\u0105 oz\u0119bnej &#8211; rozwinie si\u0119 ostre lub przewlek\u0142e zapalenie. B\u00f3l stanie si\u0119 jeszcze dokuczliwszy, b\u0119dzie nasila\u0142 si\u0119 nawet przy dotkni\u0119ciu z\u0119ba j\u0119zykiem. Gdy przy wierzcho\u0142ku korzenia zgromadzi si\u0119 ropa, szuka uj\u015bcia. Przebija si\u0119 przez ko\u015b\u0107 i okostn\u0105 i przechodzi do tkanek mi\u0119kkich.<br \/>\nNieleczone zapalenie oz\u0119bnej mo\u017ce przej\u015b\u0107 w zapalenie okostnej i doprowadzi\u0107 do powstania ropnia pod\u015bluz\u00f3wkowego. Tkanki mi\u0119kkie otaczaj\u0105ce z\u0105b puchn\u0105, a b\u00f3l jest tak silny, \u017ce pragniemy jak najszybciej pozby\u0107 si\u0119 jego \u017ar\u00f3d\u0142a.<\/p>\n<p><a href=\"http:\/\/www.poradnikzdrowie.pl\/zdrowie\/zeby\/leczenie-kanalowe-ratuje-zab_37096.html\" target=\"_blank\" rel=\"noopener noreferrer\">\u0179r\u00f3d\u0142o<\/a><br \/>\n[\/et_pb_testimonial][\/et_pb_column_inner][\/et_pb_row_inner][\/et_pb_column][et_pb_column type=&#8221;1_3&#8243; _builder_version=&#8221;4.16&#8243; custom_padding=&#8221;|||&#8221; global_colors_info=&#8221;{}&#8221; custom_padding__hover=&#8221;|||&#8221;][et_pb_cta title=&#8221;Ile to kosztuje?&#8221; button_url=&#8221;https:\/\/www.regmed.pl\/index.php\/cennik\/&#8221; url_new_window=&#8221;on&#8221; button_text=&#8221;Sprawd\u017a&#8221; admin_label=&#8221;Ile to kosztuje?&#8221; _builder_version=&#8221;4.16&#8243; background_size=&#8221;initial&#8221; background_position=&#8221;top_left&#8221; background_repeat=&#8221;repeat&#8221; use_border_color=&#8221;off&#8221; border_color=&#8221;#ffffff&#8221; border_style=&#8221;solid&#8221; button_letter_spacing_hover=&#8221;0&#8243; global_colors_info=&#8221;{}&#8221; button_text_size__hover_enabled=&#8221;off&#8221; button_one_text_size__hover_enabled=&#8221;off&#8221; button_two_text_size__hover_enabled=&#8221;off&#8221; button_text_color__hover_enabled=&#8221;off&#8221; button_one_text_color__hover_enabled=&#8221;off&#8221; button_two_text_color__hover_enabled=&#8221;off&#8221; button_border_width__hover_enabled=&#8221;off&#8221; button_one_border_width__hover_enabled=&#8221;off&#8221; button_two_border_width__hover_enabled=&#8221;off&#8221; button_border_color__hover_enabled=&#8221;off&#8221; button_one_border_color__hover_enabled=&#8221;off&#8221; button_two_border_color__hover_enabled=&#8221;off&#8221; button_border_radius__hover_enabled=&#8221;off&#8221; button_one_border_radius__hover_enabled=&#8221;off&#8221; button_two_border_radius__hover_enabled=&#8221;off&#8221; button_letter_spacing__hover_enabled=&#8221;on&#8221; button_letter_spacing__hover=&#8221;0&#8243; button_one_letter_spacing__hover_enabled=&#8221;off&#8221; button_two_letter_spacing__hover_enabled=&#8221;off&#8221; button_bg_color__hover_enabled=&#8221;off&#8221; button_one_bg_color__hover_enabled=&#8221;off&#8221; button_two_bg_color__hover_enabled=&#8221;off&#8221;][\/et_pb_cta][et_pb_cta title=&#8221;Masz pytania ?&#8221; button_url=&#8221;#&#8221; url_new_window=&#8221;on&#8221; button_text=&#8221;Kontakt&#8221; admin_label=&#8221;Kontakt &#8211; ;linki&#8221; _builder_version=&#8221;4.16&#8243; background_size=&#8221;initial&#8221; background_position=&#8221;top_left&#8221; background_repeat=&#8221;repeat&#8221; use_border_color=&#8221;off&#8221; border_color=&#8221;#ffffff&#8221; border_style=&#8221;solid&#8221; button_letter_spacing_hover=&#8221;0&#8243; global_colors_info=&#8221;{}&#8221; button_text_size__hover_enabled=&#8221;off&#8221; button_one_text_size__hover_enabled=&#8221;off&#8221; button_two_text_size__hover_enabled=&#8221;off&#8221; button_text_color__hover_enabled=&#8221;off&#8221; button_one_text_color__hover_enabled=&#8221;off&#8221; button_two_text_color__hover_enabled=&#8221;off&#8221; button_border_width__hover_enabled=&#8221;off&#8221; button_one_border_width__hover_enabled=&#8221;off&#8221; button_two_border_width__hover_enabled=&#8221;off&#8221; button_border_color__hover_enabled=&#8221;off&#8221; button_one_border_color__hover_enabled=&#8221;off&#8221; button_two_border_color__hover_enabled=&#8221;off&#8221; button_border_radius__hover_enabled=&#8221;off&#8221; button_one_border_radius__hover_enabled=&#8221;off&#8221; button_two_border_radius__hover_enabled=&#8221;off&#8221; button_letter_spacing__hover_enabled=&#8221;on&#8221; button_letter_spacing__hover=&#8221;0&#8243; button_one_letter_spacing__hover_enabled=&#8221;off&#8221; button_two_letter_spacing__hover_enabled=&#8221;off&#8221; button_bg_color__hover_enabled=&#8221;off&#8221; button_one_bg_color__hover_enabled=&#8221;off&#8221; button_two_bg_color__hover_enabled=&#8221;off&#8221;]Zach\u0119camy do kontaktu telefonicznego: <strong>71 367 62 11<\/strong> lub poprzez nasz formularz kontaktowy.<br \/>\n[\/et_pb_cta][et_pb_image src=&#8221;https:\/\/www.regmed.pl\/wp-content\/uploads\/2017\/05\/kanalowe.jpg&#8221; align_tablet=&#8221;center&#8221; align_last_edited=&#8221;on|desktop&#8221; admin_label=&#8221;Obraz&#8221; _builder_version=&#8221;4.16&#8243; animation_style=&#8221;slide&#8221; animation_direction=&#8221;left&#8221; animation_duration=&#8221;500ms&#8221; animation_intensity_slide=&#8221;10%&#8221; use_border_color=&#8221;off&#8221; border_color=&#8221;#ffffff&#8221; border_style=&#8221;solid&#8221; animation=&#8221;left&#8221; sticky=&#8221;off&#8221; always_center_on_mobile=&#8221;on&#8221; global_colors_info=&#8221;{}&#8221; align_phone=&#8221;center&#8221;][\/et_pb_image][\/et_pb_column][\/et_pb_section][et_pb_section fb_built=&#8221;1&#8243; admin_label=&#8221;Sekcja&#8221; _builder_version=&#8221;4.16&#8243; background_color=&#8221;#0b7372&#8243; transparent_background=&#8221;off&#8221; make_fullwidth=&#8221;off&#8221; use_custom_width=&#8221;off&#8221; width_unit=&#8221;on&#8221; global_colors_info=&#8221;{}&#8221;][et_pb_row column_structure=&#8221;1_4,1_4,1_4,1_4&#8243; admin_label=&#8221;Wiersz&#8221; _builder_version=&#8221;3.25&#8243; background_size=&#8221;initial&#8221; background_position=&#8221;top_left&#8221; background_repeat=&#8221;repeat&#8221; make_fullwidth=&#8221;off&#8221; use_custom_width=&#8221;off&#8221; width_unit=&#8221;on&#8221; global_module=&#8221;340&#8243; global_colors_info=&#8221;{}&#8221;][et_pb_column type=&#8221;1_4&#8243; _builder_version=&#8221;4.16&#8243; custom_padding=&#8221;|||&#8221; global_colors_info=&#8221;{}&#8221; custom_padding__hover=&#8221;|||&#8221;][et_pb_image src=&#8221;https:\/\/www.regmed.pl\/wp-content\/uploads\/2017\/04\/REGMED_LOGO_BIALE-PNG.png&#8221; align_tablet=&#8221;center&#8221; align_phone=&#8221;&#8221; align_last_edited=&#8221;on|desktop&#8221; _builder_version=&#8221;4.16&#8243; animation_style=&#8221;slide&#8221; animation_direction=&#8221;left&#8221; animation_duration=&#8221;500ms&#8221; animation_intensity_slide=&#8221;10%&#8221; use_border_color=&#8221;off&#8221; border_color=&#8221;#ffffff&#8221; border_style=&#8221;solid&#8221; animation=&#8221;left&#8221; sticky=&#8221;off&#8221; always_center_on_mobile=&#8221;on&#8221; global_colors_info=&#8221;{}&#8221;][\/et_pb_image][\/et_pb_column][et_pb_column type=&#8221;1_4&#8243; _builder_version=&#8221;4.16&#8243; custom_padding=&#8221;|||&#8221; global_colors_info=&#8221;{}&#8221; custom_padding__hover=&#8221;|||&#8221;][et_pb_text _builder_version=&#8221;4.16&#8243; background_size=&#8221;initial&#8221; background_position=&#8221;top_left&#8221; background_repeat=&#8221;repeat&#8221; background_layout=&#8221;dark&#8221; use_border_color=&#8221;off&#8221; border_color=&#8221;#ffffff&#8221; border_style=&#8221;solid&#8221; global_colors_info=&#8221;{}&#8221;]<\/p>\n<p><strong>REGMED STOMATOLOGIA<\/strong><br \/>PRZYCHODNIA DENTYSTYCZNA<\/p>\n<div class=\"mod\" data-md=\"1002\" data-hveid=\"136\" data-ved=\"0ahUKEwjx78awnrvTAhUM2SwKHeXlA7YQkCkIiAEoAjAP\">\n<div class=\"_eFb\">\n<div class=\"_mr kno-fb-ctx\" data-dtype=\"d3adr\" data-ved=\"0ahUKEwjx78awnrvTAhUM2SwKHeXlA7YQghwIiQEoADAP\"><span class=\"_xdb\">Adres: <\/span><span class=\"_Xbe\">Nyska 70,<br \/>50-505 Wroc\u0142aw<\/span><\/div>\n<\/div>\n<\/div>\n<p>[\/et_pb_text][\/et_pb_column][et_pb_column type=&#8221;1_4&#8243; _builder_version=&#8221;4.16&#8243; custom_padding=&#8221;|||&#8221; global_colors_info=&#8221;{}&#8221; custom_padding__hover=&#8221;|||&#8221;][et_pb_text _builder_version=&#8221;4.16&#8243; background_size=&#8221;initial&#8221; background_position=&#8221;top_left&#8221; background_repeat=&#8221;repeat&#8221; background_layout=&#8221;dark&#8221; use_border_color=&#8221;off&#8221; border_color=&#8221;#ffffff&#8221; border_style=&#8221;solid&#8221; global_colors_info=&#8221;{}&#8221;]<\/p>\n<p>GODZINY PRZYJ\u0118CIA PRZYCHODNI<br \/>Pn \u2013 Pt: 8:00 \u2013 20:00<\/p>\n<p>REJESTRACJA TELEFONICZNA:<br \/><strong>71 367 62 11<\/strong><strong><\/strong><strong><\/strong><\/p>\n<p>REJESTRACJA DO ZDJ\u0118\u0106 RTG:<br \/><strong>71 333 20 00<br \/><\/strong><\/p>\n<p><strong><\/strong><\/p>\n<p>[\/et_pb_text][\/et_pb_column][et_pb_column type=&#8221;1_4&#8243; _builder_version=&#8221;4.16&#8243; custom_padding=&#8221;|||&#8221; global_colors_info=&#8221;{}&#8221; custom_padding__hover=&#8221;|||&#8221;][et_pb_text _builder_version=&#8221;4.16&#8243; background_size=&#8221;initial&#8221; background_position=&#8221;top_left&#8221; background_repeat=&#8221;repeat&#8221; background_layout=&#8221;dark&#8221; use_border_color=&#8221;off&#8221; border_color=&#8221;#ffffff&#8221; border_style=&#8221;solid&#8221; global_colors_info=&#8221;{}&#8221;]<\/p>\n<p><img loading=\"lazy\" decoding=\"async\" class=\"wp-image-312 alignleft\" src=\"https:\/\/www.regmed.pl\/wp-content\/uploads\/2017\/04\/bolizabek_beztla-165x300.png\" alt=\"\" width=\"68\" height=\"124\" srcset=\"https:\/\/www.regmed.pl\/wp-content\/uploads\/2017\/04\/bolizabek_beztla-165x300.png 165w, https:\/\/www.regmed.pl\/wp-content\/uploads\/2017\/04\/bolizabek_beztla.png 344w\" sizes=\"(max-width: 68px) 100vw, 68px\" \/><strong>Boliz\u0105bek<\/strong> &#8211; Wroc\u0142awski Krasnoludek<br \/>patron Przychodni REGMED.<\/p>\n<p>[\/et_pb_text][\/et_pb_column][\/et_pb_row][\/et_pb_section]<\/p>\n","protected":false},"excerpt":{"rendered":"<p>Co to jest leczenie endodontyczne (kana\u0142owe)?\u00a0 Leczenie endodontyczne (kana\u0142owe) ma za zadanie usuni\u0119cie drobnoustroj\u00f3w powoduj\u0105cych choroby miazgi z\u0119ba. Leczenie polega na mechanicznym usuni\u0119ciu bakterii u\u017cywaj\u0105c precyzyjnych narz\u0119dzi, dzi\u0119ki czemu pozbywamy si\u0119 zaka\u017cenia i stanu zapalanego z\u0119ba. Nast\u0119pnie korze\u0144 z\u0119ba jest wype\u0142niany specjalnym materia\u0142em. Czy lepiej leczy\u0107 z\u0119ba endodontycznie czy usun\u0105\u0107? Warto zaznaczy\u0107, \u017ce leczenie kana\u0142owe [&hellip;]<\/p>\n","protected":false},"author":1,"featured_media":0,"parent":107,"menu_order":0,"comment_status":"closed","ping_status":"closed","template":"","meta":{"_et_pb_use_builder":"on","_et_pb_old_content":"","_et_gb_content_width":"","footnotes":""},"_links":{"self":[{"href":"https:\/\/www.regmed.pl\/index.php\/wp-json\/wp\/v2\/pages\/428"}],"collection":[{"href":"https:\/\/www.regmed.pl\/index.php\/wp-json\/wp\/v2\/pages"}],"about":[{"href":"https:\/\/www.regmed.pl\/index.php\/wp-json\/wp\/v2\/types\/page"}],"author":[{"embeddable":true,"href":"https:\/\/www.regmed.pl\/index.php\/wp-json\/wp\/v2\/users\/1"}],"replies":[{"embeddable":true,"href":"https:\/\/www.regmed.pl\/index.php\/wp-json\/wp\/v2\/comments?post=428"}],"version-history":[{"count":8,"href":"https:\/\/www.regmed.pl\/index.php\/wp-json\/wp\/v2\/pages\/428\/revisions"}],"predecessor-version":[{"id":1227,"href":"https:\/\/www.regmed.pl\/index.php\/wp-json\/wp\/v2\/pages\/428\/revisions\/1227"}],"up":[{"embeddable":true,"href":"https:\/\/www.regmed.pl\/index.php\/wp-json\/wp\/v2\/pages\/107"}],"wp:attachment":[{"href":"https:\/\/www.regmed.pl\/index.php\/wp-json\/wp\/v2\/media?parent=428"}],"curies":[{"name":"wp","href":"https:\/\/api.w.org\/{rel}","templated":true}]}}