{"id":406,"date":"2017-05-03T10:32:50","date_gmt":"2017-05-03T08:32:50","guid":{"rendered":"http:\/\/www.regmed-wroclaw.pl\/?page_id=406"},"modified":"2025-10-13T11:02:42","modified_gmt":"2025-10-13T09:02:42","slug":"implantologia","status":"publish","type":"page","link":"https:\/\/www.regmed.pl\/index.php\/oferta\/implantologia\/","title":{"rendered":"Implantologia"},"content":{"rendered":"<p>[et_pb_section fb_built=&#8221;1&#8243; fullwidth=&#8221;on&#8221; admin_label=&#8221;Sekcja&#8221; _builder_version=&#8221;4.16&#8243; background_image=&#8221;https:\/\/www.regmed.pl\/wp-content\/uploads\/2017\/05\/implant.jpg&#8221; transparent_background=&#8221;off&#8221; make_fullwidth=&#8221;off&#8221; use_custom_width=&#8221;off&#8221; width_unit=&#8221;on&#8221; global_colors_info=&#8221;{}&#8221;][et_pb_fullwidth_header title=&#8221;Implantologia&#8221; text_orientation=&#8221;right&#8221; content_max_width=&#8221;none&#8221; admin_label=&#8221;Nag\u0142\u00f3wek pe\u0142nej szeroko\u015bci&#8221; _builder_version=&#8221;4.16&#8243; background_color=&#8221;rgba(255, 255, 255, 0)&#8221; background_layout=&#8221;light&#8221; button_one_letter_spacing_hover=&#8221;0&#8243; button_two_letter_spacing_hover=&#8221;0&#8243; global_colors_info=&#8221;{}&#8221; button_one_text_size__hover_enabled=&#8221;off&#8221; button_two_text_size__hover_enabled=&#8221;off&#8221; button_one_text_color__hover_enabled=&#8221;off&#8221; button_two_text_color__hover_enabled=&#8221;off&#8221; button_one_border_width__hover_enabled=&#8221;off&#8221; button_two_border_width__hover_enabled=&#8221;off&#8221; button_one_border_color__hover_enabled=&#8221;off&#8221; button_two_border_color__hover_enabled=&#8221;off&#8221; button_one_border_radius__hover_enabled=&#8221;off&#8221; button_two_border_radius__hover_enabled=&#8221;off&#8221; button_one_letter_spacing__hover_enabled=&#8221;on&#8221; button_one_letter_spacing__hover=&#8221;0&#8243; button_two_letter_spacing__hover_enabled=&#8221;on&#8221; button_two_letter_spacing__hover=&#8221;0&#8243; button_one_bg_color__hover_enabled=&#8221;off&#8221; button_two_bg_color__hover_enabled=&#8221;off&#8221;][\/et_pb_fullwidth_header][\/et_pb_section][et_pb_section fb_built=&#8221;1&#8243; specialty=&#8221;on&#8221; admin_label=&#8221;Sekcja&#8221; _builder_version=&#8221;4.16&#8243; global_colors_info=&#8221;{}&#8221;][et_pb_column type=&#8221;2_3&#8243; specialty_columns=&#8221;2&#8243; _builder_version=&#8221;4.16&#8243; custom_padding=&#8221;|||&#8221; global_colors_info=&#8221;{}&#8221; custom_padding__hover=&#8221;|||&#8221;][et_pb_row_inner admin_label=&#8221;Wiersz&#8221; _builder_version=&#8221;4.16&#8243; global_colors_info=&#8221;{}&#8221; width=&#8221;99.9%&#8221;][et_pb_column_inner saved_specialty_column_type=&#8221;2_3&#8243; _builder_version=&#8221;4.16&#8243; custom_padding=&#8221;|||&#8221; global_colors_info=&#8221;{}&#8221; custom_padding__hover=&#8221;|||&#8221;][et_pb_text admin_label=&#8221;Tekst&#8221; _builder_version=&#8221;4.16&#8243; background_size=&#8221;initial&#8221; background_position=&#8221;top_left&#8221; background_repeat=&#8221;repeat&#8221; use_border_color=&#8221;off&#8221; border_color=&#8221;#ffffff&#8221; border_style=&#8221;solid&#8221; global_colors_info=&#8221;{}&#8221;]<\/p>\n<p>Co to jest implant z\u0119bowy?<\/p>\n<p>Implant dentystyczny to wykonana ze specjalnych biokompatybilnych metali lub ceramiki silna, ma\u0142a \u015brubka.<\/p>\n<p>Po co robi\u0107 sobie implant z\u0119bowy?<\/p>\n<p>Implant dentystyczny z koron\u0105 to doskona\u0142e rozwi\u0105zanie gdy brakuje z\u0119ba wraz z korzeniem.<\/p>\n<p>Jak wygl\u0105da implantacja z\u0119ba?\u00a0<\/p>\n<p>Lekarz umieszcza implant w miejscu brakuj\u0105cego korzenia z\u0119ba (zabieg jest wykonywany w znieczuleniu miejscowym). Ma on za zadanie idealnie zespoli\u0107 si\u0119 z ko\u015bci\u0105. Okres ten trwa od 6 do 12 tygodni ( w zale\u017cno\u015bci od indywidualnej sytuacji medycznej pacjenta). Po tym czasie, wygojony ju\u017c implant staje si\u0119 baz\u0105 do zamocowania na nim koron, most\u00f3w jak r\u00f3wnie\u017c protez z\u0119bowych.<br \/><img loading=\"lazy\" decoding=\"async\" class=\"wp-image-416 alignnone\" src=\"https:\/\/www.regmed.pl\/wp-content\/uploads\/2017\/05\/implanty_3-300x132.jpg\" alt=\"\" width=\"384\" height=\"169\" srcset=\"https:\/\/www.regmed.pl\/wp-content\/uploads\/2017\/05\/implanty_3-300x132.jpg 300w, https:\/\/www.regmed.pl\/wp-content\/uploads\/2017\/05\/implanty_3.jpg 495w\" sizes=\"(max-width: 384px) 100vw, 384px\" \/><\/p>\n<p>Jakie implanty zak\u0142adane s\u0105 w naszej przychodni?<\/p>\n<p>W REGMED STOMATOLOGII stosujemy najlepsze dost\u0119pne na rynku <strong>implanty firmy <a href=\"http:\/\/www.wszystkooimplantach.pl\/discover-more\/information\/about-dental-implants\/\" target=\"_blank\" rel=\"noopener noreferrer\">Straumann<\/a><\/strong>.<br \/>Roxolid\u00ae2 to nowoczesny materia\u0142 firmy Straumann specjalnie opracowany do zastosowalna z implantami dentystycznymi. Jest to stop tytanu i cyrkonu, silniejszy ni\u017c czysty tytan z doskona\u0142ymi w\u0142a\u015bciwo\u015bciami dla procesu osseintegracji \u2013 po\u0142\u0105czenie to jest unikatowe na rynku implant\u00f3w dentystycznych.<br \/>W momencie, gdy pacjent z jaki\u015b wzgl\u0119d\u00f3w nie mo\u017ce, lub nie chce korzysta\u0107 z Implant\u00f3w metalowych, posiadamy r\u00f3wnie\u017c implanty ceramiczne.<br \/>Ceramika to bez metalowa alternatywa dla tytanu lub implant\u00f3w Roxolid\u00ae. Straumann oferuje Straumann\u00ae \u2013 PURE ceramik\u0119. Implant w kolorze ko\u015bci s\u0142oniowej wykonany z ceramiki tlenku cyrkonu.<br \/>Pow\u0142oka, z kt\u00f3rej zosta\u0142y zrobione Implanty zak\u0142adane w REGMED STOMATOLOGII zosta\u0142a w taki spos\u00f3b zaprojektowana by maksymalnie skr\u00f3ci\u0107 czas gojenia si\u0119 implant\u00f3w, bez zaburzenia jego przebiegu. Zastosowano w nich technologi\u0119 Straumann\u00ae SLActive\u00ae 3.<\/p>\n<p>[\/et_pb_text][et_pb_testimonial admin_label=&#8221;Opinia&#8221; _builder_version=&#8221;4.16&#8243; background_color=&#8221;#0bb3b1&#8243; background_size=&#8221;initial&#8221; background_position=&#8221;top_left&#8221; background_repeat=&#8221;repeat&#8221; background_layout=&#8221;dark&#8221; use_border_color=&#8221;off&#8221; border_color=&#8221;#ffffff&#8221; border_style=&#8221;solid&#8221; global_colors_info=&#8221;{}&#8221;]Dlaczego Implanty?<\/p>\n<p>Aby m\u00f3c odpowiedzie\u0107 na to pytanie nale\u017cy na pocz\u0105tku opowiedzie\u0107 troch\u0119 o fizjologii gryzienia.<\/p>\n<p>Podczas gryzienia, si\u0142\u0119 jak\u0105 nasze z\u0119by gryz\u0105 automatycznie przenosz\u0105 na ko\u015b\u0107. Dzi\u0119ki temu utrzymywany jest jej zdrowy stan. Gdy zaczyna brakowa\u0107 jednego lub kilku z\u0119b\u00f3w, ko\u015b\u0107 nie jest regularnie pobudzana i zaczyna powoli zanika\u0107. Efektem jest powolna zmiana profilu i wygl\u0105du twarzy. Z uwagi na fakt, \u017ce implanty na\u015bladuj\u0105 prac\u0119 prawdziwych korzeni z\u0119b\u00f3w, ko\u015b\u0107 pod nimi w dalszym ci\u0105gu jest pobudzana, dzi\u0119ki czemu unikamy nieprzyjemnych konsekwencji w przysz\u0142o\u015bci. Tradycyjne protezy czy mosty tego nie robi\u0105<\/p>\n<p>Dzi\u0119ki Implantom zapewnisz sobie lepszy komfort \u017cycia, lepsze zdrowie jamy ustnej oraz wygl\u0105d fizyczny.<br \/>\n[\/et_pb_testimonial][\/et_pb_column_inner][\/et_pb_row_inner][\/et_pb_column][et_pb_column type=&#8221;1_3&#8243; _builder_version=&#8221;4.16&#8243; custom_padding=&#8221;|||&#8221; global_colors_info=&#8221;{}&#8221; custom_padding__hover=&#8221;|||&#8221;][et_pb_cta title=&#8221;Ile to kosztuje?&#8221; button_url=&#8221;https:\/\/www.regmed.pl\/index.php\/cennik\/&#8221; url_new_window=&#8221;on&#8221; button_text=&#8221;Sprawd\u017a&#8221; admin_label=&#8221;Ile to kosztuje?&#8221; _builder_version=&#8221;4.16&#8243; background_size=&#8221;initial&#8221; background_position=&#8221;top_left&#8221; background_repeat=&#8221;repeat&#8221; use_border_color=&#8221;off&#8221; border_color=&#8221;#ffffff&#8221; border_style=&#8221;solid&#8221; button_letter_spacing_hover=&#8221;0&#8243; global_colors_info=&#8221;{}&#8221; button_text_size__hover_enabled=&#8221;off&#8221; button_one_text_size__hover_enabled=&#8221;off&#8221; button_two_text_size__hover_enabled=&#8221;off&#8221; button_text_color__hover_enabled=&#8221;off&#8221; button_one_text_color__hover_enabled=&#8221;off&#8221; button_two_text_color__hover_enabled=&#8221;off&#8221; button_border_width__hover_enabled=&#8221;off&#8221; button_one_border_width__hover_enabled=&#8221;off&#8221; button_two_border_width__hover_enabled=&#8221;off&#8221; button_border_color__hover_enabled=&#8221;off&#8221; button_one_border_color__hover_enabled=&#8221;off&#8221; button_two_border_color__hover_enabled=&#8221;off&#8221; button_border_radius__hover_enabled=&#8221;off&#8221; button_one_border_radius__hover_enabled=&#8221;off&#8221; button_two_border_radius__hover_enabled=&#8221;off&#8221; button_letter_spacing__hover_enabled=&#8221;on&#8221; button_letter_spacing__hover=&#8221;0&#8243; button_one_letter_spacing__hover_enabled=&#8221;off&#8221; button_two_letter_spacing__hover_enabled=&#8221;off&#8221; button_bg_color__hover_enabled=&#8221;off&#8221; button_one_bg_color__hover_enabled=&#8221;off&#8221; button_two_bg_color__hover_enabled=&#8221;off&#8221;][\/et_pb_cta][et_pb_cta title=&#8221;Masz pytania ?&#8221; button_url=&#8221;#&#8221; url_new_window=&#8221;on&#8221; button_text=&#8221;Kontakt&#8221; admin_label=&#8221;Kontakt &#8211; ;linki&#8221; _builder_version=&#8221;4.16&#8243; background_size=&#8221;initial&#8221; background_position=&#8221;top_left&#8221; background_repeat=&#8221;repeat&#8221; use_border_color=&#8221;off&#8221; border_color=&#8221;#ffffff&#8221; border_style=&#8221;solid&#8221; button_letter_spacing_hover=&#8221;0&#8243; global_colors_info=&#8221;{}&#8221; button_text_size__hover_enabled=&#8221;off&#8221; button_one_text_size__hover_enabled=&#8221;off&#8221; button_two_text_size__hover_enabled=&#8221;off&#8221; button_text_color__hover_enabled=&#8221;off&#8221; button_one_text_color__hover_enabled=&#8221;off&#8221; button_two_text_color__hover_enabled=&#8221;off&#8221; button_border_width__hover_enabled=&#8221;off&#8221; button_one_border_width__hover_enabled=&#8221;off&#8221; button_two_border_width__hover_enabled=&#8221;off&#8221; button_border_color__hover_enabled=&#8221;off&#8221; button_one_border_color__hover_enabled=&#8221;off&#8221; button_two_border_color__hover_enabled=&#8221;off&#8221; button_border_radius__hover_enabled=&#8221;off&#8221; button_one_border_radius__hover_enabled=&#8221;off&#8221; button_two_border_radius__hover_enabled=&#8221;off&#8221; button_letter_spacing__hover_enabled=&#8221;on&#8221; button_letter_spacing__hover=&#8221;0&#8243; button_one_letter_spacing__hover_enabled=&#8221;off&#8221; button_two_letter_spacing__hover_enabled=&#8221;off&#8221; button_bg_color__hover_enabled=&#8221;off&#8221; button_one_bg_color__hover_enabled=&#8221;off&#8221; button_two_bg_color__hover_enabled=&#8221;off&#8221;]Zach\u0119camy do kontaktu telefonicznego: <strong>71 367 62 11<\/strong> lub poprzez nasz formularz kontaktowy.<br \/>\n[\/et_pb_cta][et_pb_image src=&#8221;https:\/\/www.regmed.pl\/wp-content\/uploads\/2017\/05\/Straumann_logo3x-2.png&#8221; align_tablet=&#8221;center&#8221; align_last_edited=&#8221;on|desktop&#8221; admin_label=&#8221;Obraz&#8221; _builder_version=&#8221;4.16&#8243; animation_style=&#8221;slide&#8221; animation_direction=&#8221;left&#8221; animation_duration=&#8221;500ms&#8221; animation_intensity_slide=&#8221;10%&#8221; use_border_color=&#8221;off&#8221; border_color=&#8221;#ffffff&#8221; border_style=&#8221;solid&#8221; animation=&#8221;left&#8221; sticky=&#8221;off&#8221; always_center_on_mobile=&#8221;on&#8221; global_colors_info=&#8221;{}&#8221; align_phone=&#8221;center&#8221;][\/et_pb_image][et_pb_gallery gallery_ids=&#8221;417,418,419,420,421&#8243; fullwidth=&#8221;on&#8221; admin_label=&#8221;Galeria&#8221; _builder_version=&#8221;4.16&#8243; use_border_color=&#8221;off&#8221; border_color=&#8221;#ffffff&#8221; border_style=&#8221;solid&#8221; global_colors_info=&#8221;{}&#8221;][\/et_pb_gallery][\/et_pb_column][\/et_pb_section][et_pb_section fb_built=&#8221;1&#8243; admin_label=&#8221;Sekcja&#8221; _builder_version=&#8221;4.16&#8243; background_color=&#8221;#0b7372&#8243; transparent_background=&#8221;off&#8221; make_fullwidth=&#8221;off&#8221; use_custom_width=&#8221;off&#8221; width_unit=&#8221;on&#8221; global_colors_info=&#8221;{}&#8221;][et_pb_row column_structure=&#8221;1_4,1_4,1_4,1_4&#8243; admin_label=&#8221;Wiersz&#8221; _builder_version=&#8221;3.25&#8243; background_size=&#8221;initial&#8221; background_position=&#8221;top_left&#8221; background_repeat=&#8221;repeat&#8221; make_fullwidth=&#8221;off&#8221; use_custom_width=&#8221;off&#8221; width_unit=&#8221;on&#8221; global_module=&#8221;340&#8243; global_colors_info=&#8221;{}&#8221;][et_pb_column type=&#8221;1_4&#8243; _builder_version=&#8221;4.16&#8243; custom_padding=&#8221;|||&#8221; global_colors_info=&#8221;{}&#8221; custom_padding__hover=&#8221;|||&#8221;][et_pb_image src=&#8221;https:\/\/www.regmed.pl\/wp-content\/uploads\/2017\/04\/REGMED_LOGO_BIALE-PNG.png&#8221; align_tablet=&#8221;center&#8221; align_phone=&#8221;&#8221; align_last_edited=&#8221;on|desktop&#8221; _builder_version=&#8221;4.16&#8243; animation_style=&#8221;slide&#8221; animation_direction=&#8221;left&#8221; animation_duration=&#8221;500ms&#8221; animation_intensity_slide=&#8221;10%&#8221; use_border_color=&#8221;off&#8221; border_color=&#8221;#ffffff&#8221; border_style=&#8221;solid&#8221; animation=&#8221;left&#8221; sticky=&#8221;off&#8221; always_center_on_mobile=&#8221;on&#8221; global_colors_info=&#8221;{}&#8221;][\/et_pb_image][\/et_pb_column][et_pb_column type=&#8221;1_4&#8243; _builder_version=&#8221;4.16&#8243; custom_padding=&#8221;|||&#8221; global_colors_info=&#8221;{}&#8221; custom_padding__hover=&#8221;|||&#8221;][et_pb_text _builder_version=&#8221;4.16&#8243; background_size=&#8221;initial&#8221; background_position=&#8221;top_left&#8221; background_repeat=&#8221;repeat&#8221; background_layout=&#8221;dark&#8221; use_border_color=&#8221;off&#8221; border_color=&#8221;#ffffff&#8221; border_style=&#8221;solid&#8221; global_colors_info=&#8221;{}&#8221;]<\/p>\n<p><strong>REGMED STOMATOLOGIA<\/strong><br \/>PRZYCHODNIA DENTYSTYCZNA<\/p>\n<div class=\"mod\" data-md=\"1002\" data-hveid=\"136\" data-ved=\"0ahUKEwjx78awnrvTAhUM2SwKHeXlA7YQkCkIiAEoAjAP\">\n<div class=\"_eFb\">\n<div class=\"_mr kno-fb-ctx\" data-dtype=\"d3adr\" data-ved=\"0ahUKEwjx78awnrvTAhUM2SwKHeXlA7YQghwIiQEoADAP\"><span class=\"_xdb\">Adres: <\/span><span class=\"_Xbe\">Nyska 70,<br \/>50-505 Wroc\u0142aw<\/span><\/div>\n<\/div>\n<\/div>\n<p>[\/et_pb_text][\/et_pb_column][et_pb_column type=&#8221;1_4&#8243; _builder_version=&#8221;4.16&#8243; custom_padding=&#8221;|||&#8221; global_colors_info=&#8221;{}&#8221; custom_padding__hover=&#8221;|||&#8221;][et_pb_text _builder_version=&#8221;4.16&#8243; background_size=&#8221;initial&#8221; background_position=&#8221;top_left&#8221; background_repeat=&#8221;repeat&#8221; background_layout=&#8221;dark&#8221; use_border_color=&#8221;off&#8221; border_color=&#8221;#ffffff&#8221; border_style=&#8221;solid&#8221; global_colors_info=&#8221;{}&#8221;]<\/p>\n<p>GODZINY PRZYJ\u0118CIA PRZYCHODNI<br \/>Pn \u2013 Pt: 8:00 \u2013 20:00<\/p>\n<p>REJESTRACJA TELEFONICZNA:<br \/><strong>71 367 62 11<\/strong><strong><\/strong><strong><\/strong><\/p>\n<p>REJESTRACJA DO ZDJ\u0118\u0106 RTG:<br \/><strong>71 333 20 00<br \/><\/strong><\/p>\n<p><strong><\/strong><\/p>\n<p>[\/et_pb_text][\/et_pb_column][et_pb_column type=&#8221;1_4&#8243; _builder_version=&#8221;4.16&#8243; custom_padding=&#8221;|||&#8221; global_colors_info=&#8221;{}&#8221; custom_padding__hover=&#8221;|||&#8221;][et_pb_text _builder_version=&#8221;4.16&#8243; background_size=&#8221;initial&#8221; background_position=&#8221;top_left&#8221; background_repeat=&#8221;repeat&#8221; background_layout=&#8221;dark&#8221; use_border_color=&#8221;off&#8221; border_color=&#8221;#ffffff&#8221; border_style=&#8221;solid&#8221; global_colors_info=&#8221;{}&#8221;]<\/p>\n<p><img loading=\"lazy\" decoding=\"async\" class=\"wp-image-312 alignleft\" src=\"https:\/\/www.regmed.pl\/wp-content\/uploads\/2017\/04\/bolizabek_beztla-165x300.png\" alt=\"\" width=\"68\" height=\"124\" srcset=\"https:\/\/www.regmed.pl\/wp-content\/uploads\/2017\/04\/bolizabek_beztla-165x300.png 165w, https:\/\/www.regmed.pl\/wp-content\/uploads\/2017\/04\/bolizabek_beztla.png 344w\" sizes=\"(max-width: 68px) 100vw, 68px\" \/><strong>Boliz\u0105bek<\/strong> &#8211; Wroc\u0142awski Krasnoludek<br \/>patron Przychodni REGMED.<\/p>\n<p>[\/et_pb_text][\/et_pb_column][\/et_pb_row][\/et_pb_section]<\/p>\n","protected":false},"excerpt":{"rendered":"<p>Co to jest implant z\u0119bowy? Implant dentystyczny to wykonana ze specjalnych biokompatybilnych metali lub ceramiki silna, ma\u0142a \u015brubka. Po co robi\u0107 sobie implant z\u0119bowy? Implant dentystyczny z koron\u0105 to doskona\u0142e rozwi\u0105zanie gdy brakuje z\u0119ba wraz z korzeniem. Jak wygl\u0105da implantacja z\u0119ba?\u00a0 Lekarz umieszcza implant w miejscu brakuj\u0105cego korzenia z\u0119ba (zabieg jest wykonywany w znieczuleniu miejscowym). [&hellip;]<\/p>\n","protected":false},"author":1,"featured_media":0,"parent":107,"menu_order":0,"comment_status":"closed","ping_status":"closed","template":"","meta":{"_et_pb_use_builder":"on","_et_pb_old_content":"","_et_gb_content_width":"","footnotes":""},"_links":{"self":[{"href":"https:\/\/www.regmed.pl\/index.php\/wp-json\/wp\/v2\/pages\/406"}],"collection":[{"href":"https:\/\/www.regmed.pl\/index.php\/wp-json\/wp\/v2\/pages"}],"about":[{"href":"https:\/\/www.regmed.pl\/index.php\/wp-json\/wp\/v2\/types\/page"}],"author":[{"embeddable":true,"href":"https:\/\/www.regmed.pl\/index.php\/wp-json\/wp\/v2\/users\/1"}],"replies":[{"embeddable":true,"href":"https:\/\/www.regmed.pl\/index.php\/wp-json\/wp\/v2\/comments?post=406"}],"version-history":[{"count":11,"href":"https:\/\/www.regmed.pl\/index.php\/wp-json\/wp\/v2\/pages\/406\/revisions"}],"predecessor-version":[{"id":1217,"href":"https:\/\/www.regmed.pl\/index.php\/wp-json\/wp\/v2\/pages\/406\/revisions\/1217"}],"up":[{"embeddable":true,"href":"https:\/\/www.regmed.pl\/index.php\/wp-json\/wp\/v2\/pages\/107"}],"wp:attachment":[{"href":"https:\/\/www.regmed.pl\/index.php\/wp-json\/wp\/v2\/media?parent=406"}],"curies":[{"name":"wp","href":"https:\/\/api.w.org\/{rel}","templated":true}]}}