{"id":113,"date":"2017-04-23T15:44:24","date_gmt":"2017-04-23T13:44:24","guid":{"rendered":"http:\/\/www.regmed-wroclaw.pl\/?page_id=113"},"modified":"2025-10-13T12:07:59","modified_gmt":"2025-10-13T10:07:59","slug":"umow-sie-na-wizyte-2","status":"publish","type":"page","link":"https:\/\/www.regmed.pl\/index.php\/umow-sie-na-wizyte-2\/","title":{"rendered":"Um\u00f3w si\u0119 na wizyt\u0119"},"content":{"rendered":"<p>[et_pb_section fb_built=&#8221;1&#8243; fullwidth=&#8221;on&#8221; _builder_version=&#8221;4.16&#8243; background_image=&#8221;https:\/\/www.regmed.pl\/wp-content\/uploads\/2017\/04\/OPIEKA.jpg&#8221; transparent_background=&#8221;off&#8221; global_colors_info=&#8221;{}&#8221;][et_pb_fullwidth_header title=&#8221;Um\u00f3w si\u0119 na wizyt\u0119&#8221; _builder_version=&#8221;4.16&#8243; background_color=&#8221;rgba(255, 255, 255, 0)&#8221; background_layout=&#8221;light&#8221; button_one_letter_spacing_hover=&#8221;0&#8243; button_two_letter_spacing_hover=&#8221;0&#8243; global_colors_info=&#8221;{}&#8221; button_one_text_size__hover_enabled=&#8221;off&#8221; button_two_text_size__hover_enabled=&#8221;off&#8221; button_one_text_color__hover_enabled=&#8221;off&#8221; button_two_text_color__hover_enabled=&#8221;off&#8221; button_one_border_width__hover_enabled=&#8221;off&#8221; button_two_border_width__hover_enabled=&#8221;off&#8221; button_one_border_color__hover_enabled=&#8221;off&#8221; button_two_border_color__hover_enabled=&#8221;off&#8221; button_one_border_radius__hover_enabled=&#8221;off&#8221; button_two_border_radius__hover_enabled=&#8221;off&#8221; button_one_letter_spacing__hover_enabled=&#8221;on&#8221; button_one_letter_spacing__hover=&#8221;0&#8243; button_two_letter_spacing__hover_enabled=&#8221;on&#8221; button_two_letter_spacing__hover=&#8221;0&#8243; button_one_bg_color__hover_enabled=&#8221;off&#8221; button_two_bg_color__hover_enabled=&#8221;off&#8221;][\/et_pb_fullwidth_header][\/et_pb_section][et_pb_section fb_built=&#8221;1&#8243; admin_label=&#8221;section&#8221; _builder_version=&#8221;4.16&#8243; global_colors_info=&#8221;{}&#8221;][et_pb_row column_structure=&#8221;1_3,2_3&#8243; admin_label=&#8221;row&#8221; _builder_version=&#8221;4.16&#8243; background_size=&#8221;initial&#8221; background_position=&#8221;top_left&#8221; background_repeat=&#8221;repeat&#8221; global_colors_info=&#8221;{}&#8221;][et_pb_column type=&#8221;1_3&#8243; _builder_version=&#8221;4.16&#8243; custom_padding=&#8221;|||&#8221; global_colors_info=&#8221;{}&#8221; custom_padding__hover=&#8221;|||&#8221;][et_pb_text _builder_version=&#8221;4.16&#8243; background_size=&#8221;initial&#8221; background_position=&#8221;top_left&#8221; background_repeat=&#8221;repeat&#8221; use_border_color=&#8221;off&#8221; border_color=&#8221;#ffffff&#8221; border_style=&#8221;solid&#8221; global_colors_info=&#8221;{}&#8221;]<\/p>\n<p>Nasza Przychodnia przyjmuje Pacjent\u00f3w od poniedzia\u0142ku do pi\u0105tku w godzinach <strong>od 8 do 20.<\/strong><br \/>Na wizyt\u0119 mo\u017cna um\u00f3wi\u0107 si\u0119 telefonicznie pod numerem <span style=\"color: #eb3434;\"><strong>71 367 62 11<\/strong><\/span> lub wype\u0142niaj\u0105c formularz online.<br \/>W ci\u0105gu <strong>24 godzin<\/strong> skontaktujemy si\u0119 z Pa\u0144stwem telefonicznie lub poprzez e-mail aby potwierdzi\u0107 wybrany termin.<\/p>\n<p>[\/et_pb_text][\/et_pb_column][et_pb_column type=&#8221;2_3&#8243; _builder_version=&#8221;4.16&#8243; custom_padding=&#8221;|||&#8221; global_colors_info=&#8221;{}&#8221; custom_padding__hover=&#8221;|||&#8221;][et_pb_text _builder_version=&#8221;4.16&#8243; global_colors_info=&#8221;{}&#8221;]<\/p>\n<h3>Formularz:<\/h3>\n<h3><strong>Zach\u0119camy r\u00f3wnie\u017c do kontaktu<br \/> telefonicznego :\u00a0<span style=\"color: #800080;\">71 367 62 11<\/span><\/strong><\/h3>\n<p>[\/et_pb_text][et_pb_contact_form email=&#8221;stomatologia@regmed.pl&#8221; _builder_version=&#8221;4.16&#8243; _unique_id=&#8221;3accb019-e0aa-435a-87fe-d5b99f7ecf92&#8243; form_field_font=&#8221;||||||||&#8221; border_radii=&#8221;on|0px|0px|0px|0px&#8221; global_colors_info=&#8221;{}&#8221;][et_pb_contact_field field_id=&#8221;Name&#8221; field_title=&#8221;Twoje imi\u0119 i nazwisko&#8221; fullwidth_field=&#8221;on&#8221; _builder_version=&#8221;4.16&#8243; global_colors_info=&#8221;{}&#8221;][\/et_pb_contact_field][et_pb_contact_field field_id=&#8221;Reply-To&#8221; field_title=&#8221;Tw\u00f3j adres email&#8221; field_type=&#8221;email&#8221; fullwidth_field=&#8221;on&#8221; _builder_version=&#8221;4.16&#8243; global_colors_info=&#8221;{}&#8221;][\/et_pb_contact_field][et_pb_contact_field field_id=&#8221;Number&#8221; field_title=&#8221;Nr telefonu&#8221; allowed_symbols=&#8221;numbers&#8221; fullwidth_field=&#8221;on&#8221; _builder_version=&#8221;4.16&#8243; global_colors_info=&#8221;{}&#8221;][\/et_pb_contact_field][et_pb_contact_field field_id=&#8221;Data&#8221; field_title=&#8221;Proponowana data&#8221; fullwidth_field=&#8221;on&#8221; _builder_version=&#8221;4.16&#8243; global_colors_info=&#8221;{}&#8221;][\/et_pb_contact_field][et_pb_contact_field field_id=&#8221;Time&#8221; field_title=&#8221;Godzina wizyty &#8211; Pracujemy pn-pt 8-20, sb 9-12&#8243; fullwidth_field=&#8221;on&#8221; _builder_version=&#8221;4.16&#8243; global_colors_info=&#8221;{}&#8221;][\/et_pb_contact_field][et_pb_contact_field field_id=&#8221;Message&#8221; field_title=&#8221;Wiadomo\u015b\u0107 &#8211; tu mo\u017cesz wpisa\u0107 nazwisko lekarza lub\/i rodzaj zabiegu&#8221; field_type=&#8221;text&#8221; fullwidth_field=&#8221;on&#8221; _builder_version=&#8221;4.16&#8243; form_field_font=&#8221;||||||||&#8221; form_field_font_size=&#8221;14&#8243; form_field_line_height=&#8221;1.7em&#8221; custom_margin=&#8221;0px||&#8221; border_radii=&#8221;on|0px|0px|0px|0px&#8221; global_colors_info=&#8221;{}&#8221;][\/et_pb_contact_field][\/et_pb_contact_form][\/et_pb_column][\/et_pb_row][\/et_pb_section][et_pb_section fb_built=&#8221;1&#8243; _builder_version=&#8221;4.16&#8243; global_colors_info=&#8221;{}&#8221;][\/et_pb_section][et_pb_section fb_built=&#8221;1&#8243; _builder_version=&#8221;4.16&#8243; background_color=&#8221;#0b7372&#8243; transparent_background=&#8221;off&#8221; global_colors_info=&#8221;{}&#8221;][et_pb_row column_structure=&#8221;1_4,1_4,1_4,1_4&#8243; admin_label=&#8221;Wiersz&#8221; _builder_version=&#8221;3.25&#8243; background_size=&#8221;initial&#8221; background_position=&#8221;top_left&#8221; background_repeat=&#8221;repeat&#8221; make_fullwidth=&#8221;off&#8221; use_custom_width=&#8221;off&#8221; width_unit=&#8221;on&#8221; global_module=&#8221;340&#8243; global_colors_info=&#8221;{}&#8221;][et_pb_column type=&#8221;1_4&#8243; _builder_version=&#8221;4.16&#8243; custom_padding=&#8221;|||&#8221; global_colors_info=&#8221;{}&#8221; custom_padding__hover=&#8221;|||&#8221;][et_pb_image src=&#8221;https:\/\/www.regmed.pl\/wp-content\/uploads\/2017\/04\/REGMED_LOGO_BIALE-PNG.png&#8221; align_tablet=&#8221;center&#8221; align_phone=&#8221;&#8221; align_last_edited=&#8221;on|desktop&#8221; _builder_version=&#8221;4.16&#8243; animation_style=&#8221;slide&#8221; animation_direction=&#8221;left&#8221; animation_duration=&#8221;500ms&#8221; animation_intensity_slide=&#8221;10%&#8221; use_border_color=&#8221;off&#8221; border_color=&#8221;#ffffff&#8221; border_style=&#8221;solid&#8221; animation=&#8221;left&#8221; sticky=&#8221;off&#8221; always_center_on_mobile=&#8221;on&#8221; global_colors_info=&#8221;{}&#8221;][\/et_pb_image][\/et_pb_column][et_pb_column type=&#8221;1_4&#8243; _builder_version=&#8221;4.16&#8243; custom_padding=&#8221;|||&#8221; global_colors_info=&#8221;{}&#8221; custom_padding__hover=&#8221;|||&#8221;][et_pb_text _builder_version=&#8221;4.16&#8243; background_size=&#8221;initial&#8221; background_position=&#8221;top_left&#8221; background_repeat=&#8221;repeat&#8221; background_layout=&#8221;dark&#8221; use_border_color=&#8221;off&#8221; border_color=&#8221;#ffffff&#8221; border_style=&#8221;solid&#8221; global_colors_info=&#8221;{}&#8221;]<\/p>\n<p><strong>REGMED STOMATOLOGIA<\/strong><br \/>PRZYCHODNIA DENTYSTYCZNA<\/p>\n<div class=\"mod\" data-md=\"1002\" data-hveid=\"136\" data-ved=\"0ahUKEwjx78awnrvTAhUM2SwKHeXlA7YQkCkIiAEoAjAP\">\n<div class=\"_eFb\">\n<div class=\"_mr kno-fb-ctx\" data-dtype=\"d3adr\" data-ved=\"0ahUKEwjx78awnrvTAhUM2SwKHeXlA7YQghwIiQEoADAP\"><span class=\"_xdb\">Adres: <\/span><span class=\"_Xbe\">Nyska 70,<br \/>50-505 Wroc\u0142aw<\/span><\/div>\n<\/div>\n<\/div>\n<p>[\/et_pb_text][\/et_pb_column][et_pb_column type=&#8221;1_4&#8243; _builder_version=&#8221;4.16&#8243; custom_padding=&#8221;|||&#8221; global_colors_info=&#8221;{}&#8221; custom_padding__hover=&#8221;|||&#8221;][et_pb_text _builder_version=&#8221;4.16&#8243; background_size=&#8221;initial&#8221; background_position=&#8221;top_left&#8221; background_repeat=&#8221;repeat&#8221; background_layout=&#8221;dark&#8221; use_border_color=&#8221;off&#8221; border_color=&#8221;#ffffff&#8221; border_style=&#8221;solid&#8221; global_colors_info=&#8221;{}&#8221;]<\/p>\n<p>GODZINY PRZYJ\u0118CIA PRZYCHODNI<br \/>Pn \u2013 Pt: 8:00 \u2013 20:00<\/p>\n<p>REJESTRACJA TELEFONICZNA:<br \/><strong>71 367 62 11<\/strong><strong><\/strong><strong><\/strong><\/p>\n<p>REJESTRACJA DO ZDJ\u0118\u0106 RTG:<br \/><strong>71 333 20 00<br \/><\/strong><\/p>\n<p><strong><\/strong><\/p>\n<p>[\/et_pb_text][\/et_pb_column][et_pb_column type=&#8221;1_4&#8243; _builder_version=&#8221;4.16&#8243; custom_padding=&#8221;|||&#8221; global_colors_info=&#8221;{}&#8221; custom_padding__hover=&#8221;|||&#8221;][et_pb_text _builder_version=&#8221;4.16&#8243; background_size=&#8221;initial&#8221; background_position=&#8221;top_left&#8221; background_repeat=&#8221;repeat&#8221; background_layout=&#8221;dark&#8221; use_border_color=&#8221;off&#8221; border_color=&#8221;#ffffff&#8221; border_style=&#8221;solid&#8221; global_colors_info=&#8221;{}&#8221;]<\/p>\n<p><img loading=\"lazy\" decoding=\"async\" class=\"wp-image-312 alignleft\" src=\"https:\/\/www.regmed.pl\/wp-content\/uploads\/2017\/04\/bolizabek_beztla-165x300.png\" alt=\"\" width=\"68\" height=\"124\" srcset=\"https:\/\/www.regmed.pl\/wp-content\/uploads\/2017\/04\/bolizabek_beztla-165x300.png 165w, https:\/\/www.regmed.pl\/wp-content\/uploads\/2017\/04\/bolizabek_beztla.png 344w\" sizes=\"(max-width: 68px) 100vw, 68px\" \/><strong>Boliz\u0105bek<\/strong> &#8211; Wroc\u0142awski Krasnoludek<br \/>patron Przychodni REGMED.<\/p>\n<p>[\/et_pb_text][\/et_pb_column][\/et_pb_row][\/et_pb_section]<\/p>\n","protected":false},"excerpt":{"rendered":"<p>Nasza Przychodnia przyjmuje Pacjent\u00f3w od poniedzia\u0142ku do pi\u0105tku w godzinach od 8 do 20.Na wizyt\u0119 mo\u017cna um\u00f3wi\u0107 si\u0119 telefonicznie pod numerem 71 367 62 11 lub wype\u0142niaj\u0105c formularz online.W ci\u0105gu 24 godzin skontaktujemy si\u0119 z Pa\u0144stwem telefonicznie lub poprzez e-mail aby potwierdzi\u0107 wybrany termin.Formularz: Zach\u0119camy r\u00f3wnie\u017c do kontaktu telefonicznego :\u00a071 367 62 11REGMED STOMATOLOGIAPRZYCHODNIA DENTYSTYCZNA [&hellip;]<\/p>\n","protected":false},"author":1,"featured_media":0,"parent":0,"menu_order":0,"comment_status":"closed","ping_status":"closed","template":"","meta":{"_et_pb_use_builder":"on","_et_pb_old_content":"","_et_gb_content_width":"","footnotes":""},"_links":{"self":[{"href":"https:\/\/www.regmed.pl\/index.php\/wp-json\/wp\/v2\/pages\/113"}],"collection":[{"href":"https:\/\/www.regmed.pl\/index.php\/wp-json\/wp\/v2\/pages"}],"about":[{"href":"https:\/\/www.regmed.pl\/index.php\/wp-json\/wp\/v2\/types\/page"}],"author":[{"embeddable":true,"href":"https:\/\/www.regmed.pl\/index.php\/wp-json\/wp\/v2\/users\/1"}],"replies":[{"embeddable":true,"href":"https:\/\/www.regmed.pl\/index.php\/wp-json\/wp\/v2\/comments?post=113"}],"version-history":[{"count":40,"href":"https:\/\/www.regmed.pl\/index.php\/wp-json\/wp\/v2\/pages\/113\/revisions"}],"predecessor-version":[{"id":1250,"href":"https:\/\/www.regmed.pl\/index.php\/wp-json\/wp\/v2\/pages\/113\/revisions\/1250"}],"wp:attachment":[{"href":"https:\/\/www.regmed.pl\/index.php\/wp-json\/wp\/v2\/media?parent=113"}],"curies":[{"name":"wp","href":"https:\/\/api.w.org\/{rel}","templated":true}]}}