{"id":111,"date":"2017-04-23T15:44:09","date_gmt":"2017-04-23T13:44:09","guid":{"rendered":"http:\/\/www.regmed-wroclaw.pl\/?page_id=111"},"modified":"2024-07-08T18:05:39","modified_gmt":"2024-07-08T16:05:39","slug":"diagnostyka-rtg","status":"publish","type":"page","link":"https:\/\/www.regmed.pl\/index.php\/diagnostyka-rtg\/","title":{"rendered":"Diagnostyka RTG"},"content":{"rendered":"<p>[et_pb_section fb_built=&#8221;1&#8243; inner_shadow=&#8221;on&#8221; fullwidth=&#8221;on&#8221; admin_label=&#8221;section&#8221; _builder_version=&#8221;4.16&#8243; background_color=&#8221;#0b7372&#8243; transparent_background=&#8221;off&#8221; make_fullwidth=&#8221;off&#8221; use_custom_width=&#8221;off&#8221; width_unit=&#8221;on&#8221; global_colors_info=&#8221;{}&#8221;][et_pb_fullwidth_header title=&#8221;Diagnostyka RTG &#8221; subhead=&#8221;Pracownia RTG Przychodni REGMED&#8221; content_max_width=&#8221;none&#8221; admin_label=&#8221;Fullwidth Header&#8221; _builder_version=&#8221;4.16&#8243; background_color=&#8221;rgba(255, 255, 255, 0)&#8221; button_one_letter_spacing_hover=&#8221;0&#8243; button_two_letter_spacing_hover=&#8221;0&#8243; global_colors_info=&#8221;{}&#8221; button_one_text_size__hover_enabled=&#8221;off&#8221; button_two_text_size__hover_enabled=&#8221;off&#8221; button_one_text_color__hover_enabled=&#8221;off&#8221; button_two_text_color__hover_enabled=&#8221;off&#8221; button_one_border_width__hover_enabled=&#8221;off&#8221; button_two_border_width__hover_enabled=&#8221;off&#8221; button_one_border_color__hover_enabled=&#8221;off&#8221; button_two_border_color__hover_enabled=&#8221;off&#8221; button_one_border_radius__hover_enabled=&#8221;off&#8221; button_two_border_radius__hover_enabled=&#8221;off&#8221; button_one_letter_spacing__hover_enabled=&#8221;on&#8221; button_one_letter_spacing__hover=&#8221;0&#8243; button_two_letter_spacing__hover_enabled=&#8221;on&#8221; button_two_letter_spacing__hover=&#8221;0&#8243; button_one_bg_color__hover_enabled=&#8221;off&#8221; button_two_bg_color__hover_enabled=&#8221;off&#8221;][\/et_pb_fullwidth_header][\/et_pb_section][et_pb_section fb_built=&#8221;1&#8243; admin_label=&#8221;Sekcja&#8221; _builder_version=&#8221;4.16&#8243; background_image=&#8221;https:\/\/www.regmed.pl\/wp-content\/uploads\/2017\/04\/rrg_zdjecie_nto.jpg&#8221; transparent_background=&#8221;off&#8221; make_fullwidth=&#8221;off&#8221; use_custom_width=&#8221;off&#8221; width_unit=&#8221;on&#8221; global_colors_info=&#8221;{}&#8221;][et_pb_row column_structure=&#8221;1_2,1_2&#8243; admin_label=&#8221;Wiersz&#8221; _builder_version=&#8221;4.16&#8243; background_size=&#8221;initial&#8221; background_position=&#8221;top_left&#8221; background_repeat=&#8221;repeat&#8221; global_colors_info=&#8221;{}&#8221;][et_pb_column type=&#8221;1_2&#8243; _builder_version=&#8221;4.16&#8243; custom_padding=&#8221;|||&#8221; global_colors_info=&#8221;{}&#8221; custom_padding__hover=&#8221;|||&#8221;][\/et_pb_column][et_pb_column type=&#8221;1_2&#8243; _builder_version=&#8221;4.16&#8243; custom_padding=&#8221;|||&#8221; global_colors_info=&#8221;{}&#8221; custom_padding__hover=&#8221;|||&#8221;][et_pb_text admin_label=&#8221;Tekst&#8221; _builder_version=&#8221;4.16&#8243; background_color=&#8221;rgba(219,219,219,0.67)&#8221; background_size=&#8221;initial&#8221; background_position=&#8221;top_left&#8221; background_repeat=&#8221;repeat&#8221; border_style=&#8221;solid&#8221; global_colors_info=&#8221;{}&#8221;]<\/p>\n<h4><strong>Filia PRZYCHODNI REGMED &#8211; RTG z\u0119b\u00f3w Sky Tower <\/strong><\/h4>\n<h4><strong>(dawniej RTG-Arkady)<br \/><\/strong><\/h4>\n<p><strong>REJESTRACJA DO ZDJ\u0118\u0106 RTG: 71 333 20 00<br \/><\/strong><\/p>\n<p>Filia Pracowni RTG REGMED znajduje si\u0119 od maja 2024 roku w<strong> Sky Tower<\/strong> na parterze, wej\u015bcie od ul. Wielkiej. Od 2007 do 2024 roku RTG Z\u0119b\u00f3w dzia\u0142a\u0142o\u00a0\u00a0\u00a0 w Arkadach Wroc\u0142awskich. Posiadamy najwy\u017cszej jako\u015bci sprz\u0119t w technologii cyfrowej dostosowuj\u0105cy komputerowo dawk\u0119 promieniowania rentgenowskiego indywidualnie dla ka\u017cdego pacjenta.<\/p>\n<p><strong>Tu wykonujemy pe\u0142n\u0105 gam\u0119 us\u0142ug radiologicznych potrzebnych w stomatologii<\/strong> a wi\u0119c: wszystkie zdj\u0119cia wewn\u0105trzustne (cyfrowo lub analogowo na \u017cyczenie lekarza), pantomograficzne i cefalometryczne oraz badania tomograficzne 3D (CBCT).<\/p>\n<p>Filia przyjmuje poniedzia\u0142ek &#8211; pi\u0105tek w godz <strong>8 &#8211; 20,<\/strong> w sobot\u0119 <strong>9 &#8211; 14<\/strong><\/p>\n<p><a href=\"http:\/\/rtg-arkady.pl\/\" target=\"_blank\" rel=\"noopener\"><strong><\/strong><\/a><strong><a href=\"http:\/\/www.rtg-arkady.pl\">www.rtg-arkady.pl<\/a> <br \/>Tel. 71 333-20-00<\/strong><\/p>\n<p>[\/et_pb_text][et_pb_map address=&#8221;Powsta\u0144c\u00f3w \u015al\u0105skich 2\/4, 53-333 Wroc\u0142aw, Polska&#8221; address_lat=&#8221;51.099323&#8243; address_lng=&#8221;17.028845000000047&#8243; admin_label=&#8221;Mapa&#8221; _builder_version=&#8221;4.16&#8243; global_colors_info=&#8221;{}&#8221;][et_pb_map_pin title=&#8221;filia Pracowni RTG REGMED&#8221; pin_address=&#8221;Powsta\u0144c\u00f3w \u015al\u0105skich 2\/4, 53-333 Wroc\u0142aw, Polska&#8221; pin_address_lat=&#8221;51.09944090454838&#8243; pin_address_lng=&#8221;17.028855728836106&#8243; _builder_version=&#8221;3.0.47&#8243; global_colors_info=&#8221;{}&#8221;][\/et_pb_map_pin][\/et_pb_map][et_pb_text admin_label=&#8221;Tekst&#8221; _builder_version=&#8221;4.16&#8243; background_color=&#8221;rgba(219,219,219,0.67)&#8221; background_size=&#8221;initial&#8221; background_position=&#8221;top_left&#8221; background_repeat=&#8221;repeat&#8221; use_border_color=&#8221;off&#8221; border_color=&#8221;#ffffff&#8221; border_style=&#8221;solid&#8221; global_colors_info=&#8221;{}&#8221;]<\/p>\n<h4>Tu nas znajdziesz:<\/h4>\n<p>[\/et_pb_text][\/et_pb_column][\/et_pb_row][\/et_pb_section][et_pb_section fb_built=&#8221;1&#8243; admin_label=&#8221;Sekcja&#8221; _builder_version=&#8221;4.16&#8243; background_color=&#8221;#0b7372&#8243; transparent_background=&#8221;off&#8221; make_fullwidth=&#8221;off&#8221; use_custom_width=&#8221;off&#8221; width_unit=&#8221;on&#8221; global_colors_info=&#8221;{}&#8221;][et_pb_row column_structure=&#8221;1_4,1_4,1_4,1_4&#8243; admin_label=&#8221;Wiersz&#8221; _builder_version=&#8221;3.25&#8243; background_size=&#8221;initial&#8221; background_position=&#8221;top_left&#8221; background_repeat=&#8221;repeat&#8221; make_fullwidth=&#8221;off&#8221; use_custom_width=&#8221;off&#8221; width_unit=&#8221;on&#8221; global_module=&#8221;340&#8243; global_colors_info=&#8221;{}&#8221;][et_pb_column type=&#8221;1_4&#8243; _builder_version=&#8221;4.16&#8243; custom_padding=&#8221;|||&#8221; global_colors_info=&#8221;{}&#8221; custom_padding__hover=&#8221;|||&#8221;][et_pb_image src=&#8221;https:\/\/www.regmed.pl\/wp-content\/uploads\/2017\/04\/REGMED_LOGO_BIALE-PNG.png&#8221; align_tablet=&#8221;center&#8221; align_phone=&#8221;&#8221; align_last_edited=&#8221;on|desktop&#8221; _builder_version=&#8221;4.16&#8243; animation_style=&#8221;slide&#8221; animation_direction=&#8221;left&#8221; animation_duration=&#8221;500ms&#8221; animation_intensity_slide=&#8221;10%&#8221; use_border_color=&#8221;off&#8221; border_color=&#8221;#ffffff&#8221; border_style=&#8221;solid&#8221; animation=&#8221;left&#8221; sticky=&#8221;off&#8221; always_center_on_mobile=&#8221;on&#8221; global_colors_info=&#8221;{}&#8221;][\/et_pb_image][\/et_pb_column][et_pb_column type=&#8221;1_4&#8243; _builder_version=&#8221;4.16&#8243; custom_padding=&#8221;|||&#8221; global_colors_info=&#8221;{}&#8221; custom_padding__hover=&#8221;|||&#8221;][et_pb_text _builder_version=&#8221;4.16&#8243; background_size=&#8221;initial&#8221; background_position=&#8221;top_left&#8221; background_repeat=&#8221;repeat&#8221; background_layout=&#8221;dark&#8221; use_border_color=&#8221;off&#8221; border_color=&#8221;#ffffff&#8221; border_style=&#8221;solid&#8221; global_colors_info=&#8221;{}&#8221;]<\/p>\n<p><strong>REGMED STOMATOLOGIA<\/strong><br \/>PRZYCHODNIA DENTYSTYCZNA<\/p>\n<div class=\"mod\" data-md=\"1002\" data-hveid=\"136\" data-ved=\"0ahUKEwjx78awnrvTAhUM2SwKHeXlA7YQkCkIiAEoAjAP\">\n<div class=\"_eFb\">\n<div class=\"_mr kno-fb-ctx\" data-dtype=\"d3adr\" data-ved=\"0ahUKEwjx78awnrvTAhUM2SwKHeXlA7YQghwIiQEoADAP\"><span class=\"_xdb\">Adres: <\/span><span class=\"_Xbe\">Nyska 70,<br \/>50-505 Wroc\u0142aw<\/span><\/div>\n<\/div>\n<\/div>\n<p>[\/et_pb_text][\/et_pb_column][et_pb_column type=&#8221;1_4&#8243; _builder_version=&#8221;4.16&#8243; custom_padding=&#8221;|||&#8221; global_colors_info=&#8221;{}&#8221; custom_padding__hover=&#8221;|||&#8221;][et_pb_text _builder_version=&#8221;4.16&#8243; background_size=&#8221;initial&#8221; background_position=&#8221;top_left&#8221; background_repeat=&#8221;repeat&#8221; background_layout=&#8221;dark&#8221; use_border_color=&#8221;off&#8221; border_color=&#8221;#ffffff&#8221; border_style=&#8221;solid&#8221; global_colors_info=&#8221;{}&#8221;]<\/p>\n<p>GODZINY PRZYJ\u0118CIA PRZYCHODNI<br \/>Pn \u2013 Pt: 8:00 \u2013 20:00<\/p>\n<p>REJESTRACJA TELEFONICZNA:<br \/><strong>71 367 62 11<\/strong><strong><\/strong><strong><\/strong><\/p>\n<p>REJESTRACJA DO ZDJ\u0118\u0106 RTG:<br \/><strong>71 333 20 00<br \/><\/strong><\/p>\n<p><strong><\/strong><\/p>\n<p>[\/et_pb_text][\/et_pb_column][et_pb_column type=&#8221;1_4&#8243; _builder_version=&#8221;4.16&#8243; custom_padding=&#8221;|||&#8221; global_colors_info=&#8221;{}&#8221; custom_padding__hover=&#8221;|||&#8221;][et_pb_text _builder_version=&#8221;4.16&#8243; background_size=&#8221;initial&#8221; background_position=&#8221;top_left&#8221; background_repeat=&#8221;repeat&#8221; background_layout=&#8221;dark&#8221; use_border_color=&#8221;off&#8221; border_color=&#8221;#ffffff&#8221; border_style=&#8221;solid&#8221; global_colors_info=&#8221;{}&#8221;]<\/p>\n<p><img loading=\"lazy\" decoding=\"async\" class=\"wp-image-312 alignleft\" src=\"https:\/\/www.regmed.pl\/wp-content\/uploads\/2017\/04\/bolizabek_beztla-165x300.png\" alt=\"\" width=\"68\" height=\"124\" srcset=\"https:\/\/www.regmed.pl\/wp-content\/uploads\/2017\/04\/bolizabek_beztla-165x300.png 165w, https:\/\/www.regmed.pl\/wp-content\/uploads\/2017\/04\/bolizabek_beztla.png 344w\" sizes=\"(max-width: 68px) 100vw, 68px\" \/><strong>Boliz\u0105bek<\/strong> &#8211; Wroc\u0142awski Krasnoludek<br \/>patron Przychodni REGMED.<\/p>\n<p>[\/et_pb_text][\/et_pb_column][\/et_pb_row][\/et_pb_section]<\/p>\n","protected":false},"excerpt":{"rendered":"<p>Filia PRZYCHODNI REGMED &#8211; RTG z\u0119b\u00f3w Sky Tower (dawniej RTG-Arkady) REJESTRACJA DO ZDJ\u0118\u0106 RTG: 71 333 20 00 Filia Pracowni RTG REGMED znajduje si\u0119 od maja 2024 roku w Sky Tower na parterze, wej\u015bcie od ul. Wielkiej. Od 2007 do 2024 roku RTG Z\u0119b\u00f3w dzia\u0142a\u0142o\u00a0\u00a0\u00a0 w Arkadach Wroc\u0142awskich. Posiadamy najwy\u017cszej jako\u015bci sprz\u0119t w technologii cyfrowej [&hellip;]<\/p>\n","protected":false},"author":1,"featured_media":0,"parent":0,"menu_order":0,"comment_status":"closed","ping_status":"closed","template":"","meta":{"_et_pb_use_builder":"on","_et_pb_old_content":"","_et_gb_content_width":"","footnotes":""},"_links":{"self":[{"href":"https:\/\/www.regmed.pl\/index.php\/wp-json\/wp\/v2\/pages\/111"}],"collection":[{"href":"https:\/\/www.regmed.pl\/index.php\/wp-json\/wp\/v2\/pages"}],"about":[{"href":"https:\/\/www.regmed.pl\/index.php\/wp-json\/wp\/v2\/types\/page"}],"author":[{"embeddable":true,"href":"https:\/\/www.regmed.pl\/index.php\/wp-json\/wp\/v2\/users\/1"}],"replies":[{"embeddable":true,"href":"https:\/\/www.regmed.pl\/index.php\/wp-json\/wp\/v2\/comments?post=111"}],"version-history":[{"count":40,"href":"https:\/\/www.regmed.pl\/index.php\/wp-json\/wp\/v2\/pages\/111\/revisions"}],"predecessor-version":[{"id":1137,"href":"https:\/\/www.regmed.pl\/index.php\/wp-json\/wp\/v2\/pages\/111\/revisions\/1137"}],"wp:attachment":[{"href":"https:\/\/www.regmed.pl\/index.php\/wp-json\/wp\/v2\/media?parent=111"}],"curies":[{"name":"wp","href":"https:\/\/api.w.org\/{rel}","templated":true}]}}