{"id":107,"date":"2017-04-23T15:43:03","date_gmt":"2017-04-23T13:43:03","guid":{"rendered":"http:\/\/www.regmed-wroclaw.pl\/?page_id=107"},"modified":"2017-06-29T20:55:32","modified_gmt":"2017-06-29T18:55:32","slug":"oferta","status":"publish","type":"page","link":"https:\/\/www.regmed.pl\/index.php\/oferta\/","title":{"rendered":"Oferta"},"content":{"rendered":"<p>[et_pb_section bb_built=&#8221;1&#8243; admin_label=&#8221;Sekcja&#8221; fullwidth=&#8221;on&#8221; specialty=&#8221;off&#8221; background_image=&#8221;https:\/\/www.regmed.pl\/wp-content\/uploads\/2017\/04\/winnerpic4.jpg&#8221; transparent_background=&#8221;off&#8221; allow_player_pause=&#8221;off&#8221; inner_shadow=&#8221;off&#8221; parallax=&#8221;off&#8221; parallax_method=&#8221;on&#8221; make_fullwidth=&#8221;off&#8221; use_custom_width=&#8221;off&#8221; width_unit=&#8221;on&#8221; make_equal=&#8221;off&#8221; use_custom_gutter=&#8221;off&#8221;][et_pb_fullwidth_header admin_label=&#8221;Nag\u0142\u00f3wek pe\u0142nej szeroko\u015bci&#8221; title=&#8221;OFERTA US\u0141UG STOMATOLOGICZNYCH&#8221; subhead=&#8221;Przychodnia Regmed &#8221; background_layout=&#8221;light&#8221; text_orientation=&#8221;left&#8221; header_fullscreen=&#8221;off&#8221; header_scroll_down=&#8221;off&#8221; parallax=&#8221;off&#8221; parallax_method=&#8221;off&#8221; content_orientation=&#8221;center&#8221; image_orientation=&#8221;center&#8221; custom_button_one=&#8221;off&#8221; button_one_letter_spacing=&#8221;0&#8243; button_one_use_icon=&#8221;default&#8221; button_one_icon_placement=&#8221;right&#8221; button_one_on_hover=&#8221;on&#8221; button_one_letter_spacing_hover=&#8221;0&#8243; custom_button_two=&#8221;off&#8221; button_two_letter_spacing=&#8221;0&#8243; button_two_use_icon=&#8221;default&#8221; button_two_icon_placement=&#8221;right&#8221; button_two_on_hover=&#8221;on&#8221; button_two_letter_spacing_hover=&#8221;0&#8243; \/][\/et_pb_section][et_pb_section bb_built=&#8221;1&#8243; admin_label=&#8221;Sekcja&#8221; fullwidth=&#8221;off&#8221; specialty=&#8221;off&#8221;][et_pb_row admin_label=&#8221;Wiersz&#8221; background_position=&#8221;top_left&#8221; background_repeat=&#8221;repeat&#8221; background_size=&#8221;initial&#8221;][et_pb_column type=&#8221;1_4&#8243;][et_pb_blurb admin_label=&#8221;ZACHOWAWCZA&#8221; title=&#8221;STOMATOLOGIA ZACHOWAWCZA&#8221; url=&#8221;https:\/\/www.regmed.pl\/index.php\/oferta\/stomatologia-zachowawcza\/&#8221; url_new_window=&#8221;off&#8221; use_icon=&#8221;off&#8221; use_circle=&#8221;off&#8221; use_circle_border=&#8221;off&#8221; image=&#8221;https:\/\/www.regmed.pl\/wp-content\/uploads\/2017\/04\/21.png&#8221; icon_placement=&#8221;top&#8221; animation=&#8221;top&#8221; background_layout=&#8221;light&#8221; use_icon_font_size=&#8221;off&#8221; border_style=&#8221;solid&#8221; background_position=&#8221;top_left&#8221; background_repeat=&#8221;repeat&#8221; background_size=&#8221;initial&#8221; _builder_version=&#8221;3.0.51&#8243; \/][et_pb_blurb admin_label=&#8221;CHIRURGIA&#8221; title=&#8221;CHIRURGIA STOMATOLOGICZNA&#8221; url=&#8221;https:\/\/www.regmed.pl\/index.php\/oferta\/leczenie-chirurgiczne\/&#8221; url_new_window=&#8221;off&#8221; use_icon=&#8221;off&#8221; use_circle=&#8221;off&#8221; use_circle_border=&#8221;off&#8221; image=&#8221;https:\/\/www.regmed.pl\/wp-content\/uploads\/2017\/04\/29.png&#8221; icon_placement=&#8221;top&#8221; animation=&#8221;top&#8221; background_layout=&#8221;light&#8221; use_icon_font_size=&#8221;off&#8221; border_style=&#8221;solid&#8221; background_position=&#8221;top_left&#8221; background_repeat=&#8221;repeat&#8221; background_size=&#8221;initial&#8221; _builder_version=&#8221;3.0.51&#8243; \/][et_pb_blurb admin_label=&#8221;RTG&#8221; title=&#8221;DIAGNOSTYKA RTG&#8221; url=&#8221;#&#8221; url_new_window=&#8221;off&#8221; use_icon=&#8221;off&#8221; icon_color=&#8221;#157271&#8243; use_circle=&#8221;off&#8221; circle_color=&#8221;#157271&#8243; use_circle_border=&#8221;off&#8221; circle_border_color=&#8221;#157271&#8243; image=&#8221;https:\/\/www.regmed.pl\/wp-content\/uploads\/2017\/04\/25.png&#8221; icon_placement=&#8221;top&#8221; animation=&#8221;top&#8221; background_layout=&#8221;light&#8221; text_orientation=&#8221;left&#8221; use_icon_font_size=&#8221;off&#8221; use_border_color=&#8221;off&#8221; border_color=&#8221;#ffffff&#8221; border_style=&#8221;solid&#8221; background_position=&#8221;top_left&#8221; background_repeat=&#8221;repeat&#8221; background_size=&#8221;initial&#8221; \/][et_pb_blurb admin_label=&#8221;RODZINA&#8221; title=&#8221;LECZENIE DZIECI&#8221; url=&#8221;https:\/\/www.regmed.pl\/index.php\/oferta\/leczenie-dzieci\/&#8221; url_new_window=&#8221;off&#8221; use_icon=&#8221;off&#8221; use_circle=&#8221;off&#8221; use_circle_border=&#8221;off&#8221; image=&#8221;https:\/\/www.regmed.pl\/wp-content\/uploads\/2017\/04\/28.png&#8221; icon_placement=&#8221;top&#8221; animation=&#8221;top&#8221; background_layout=&#8221;light&#8221; use_icon_font_size=&#8221;off&#8221; border_style=&#8221;solid&#8221; background_position=&#8221;top_left&#8221; background_repeat=&#8221;repeat&#8221; background_size=&#8221;initial&#8221; _builder_version=&#8221;3.0.51&#8243; \/][\/et_pb_column][et_pb_column type=&#8221;1_4&#8243;][et_pb_blurb admin_label=&#8221;DZIECI&#8221; title=&#8221;LECZENIE DZIECI&#8221; url=&#8221;#&#8221; url_new_window=&#8221;off&#8221; use_icon=&#8221;off&#8221; icon_color=&#8221;#157271&#8243; use_circle=&#8221;off&#8221; circle_color=&#8221;#157271&#8243; use_circle_border=&#8221;off&#8221; circle_border_color=&#8221;#157271&#8243; image=&#8221;https:\/\/www.regmed.pl\/wp-content\/uploads\/2017\/04\/24.png&#8221; icon_placement=&#8221;top&#8221; animation=&#8221;top&#8221; background_layout=&#8221;light&#8221; text_orientation=&#8221;left&#8221; use_icon_font_size=&#8221;off&#8221; use_border_color=&#8221;off&#8221; border_color=&#8221;#ffffff&#8221; border_style=&#8221;solid&#8221; background_position=&#8221;top_left&#8221; background_repeat=&#8221;repeat&#8221; background_size=&#8221;initial&#8221; \/][et_pb_blurb admin_label=&#8221;BOL&#8221; title=&#8221;PACJENT B\u00d3LOWY&#8221; url=&#8221;https:\/\/www.regmed.pl\/index.php\/oferta\/pacjent-bolowy\/&#8221; url_new_window=&#8221;off&#8221; use_icon=&#8221;off&#8221; use_circle=&#8221;off&#8221; use_circle_border=&#8221;off&#8221; image=&#8221;https:\/\/www.regmed.pl\/wp-content\/uploads\/2017\/04\/8.png&#8221; icon_placement=&#8221;top&#8221; animation=&#8221;top&#8221; background_layout=&#8221;light&#8221; use_icon_font_size=&#8221;off&#8221; border_style=&#8221;solid&#8221; background_position=&#8221;top_left&#8221; background_repeat=&#8221;repeat&#8221; background_size=&#8221;initial&#8221; _builder_version=&#8221;3.0.51&#8243; \/][et_pb_blurb admin_label=&#8221;WYBIELANIE&#8221; title=&#8221;WYBIELANIE Z\u0118B\u00d3W&#8221; url=&#8221;https:\/\/www.regmed.pl\/index.php\/oferta\/wybielanie-zebow\/&#8221; url_new_window=&#8221;off&#8221; use_icon=&#8221;off&#8221; use_circle=&#8221;off&#8221; use_circle_border=&#8221;off&#8221; image=&#8221;https:\/\/www.regmed.pl\/wp-content\/uploads\/2017\/04\/1.png&#8221; icon_placement=&#8221;top&#8221; animation=&#8221;top&#8221; background_layout=&#8221;light&#8221; use_icon_font_size=&#8221;off&#8221; border_style=&#8221;solid&#8221; background_position=&#8221;top_left&#8221; background_repeat=&#8221;repeat&#8221; background_size=&#8221;initial&#8221; _builder_version=&#8221;3.0.51&#8243; \/][\/et_pb_column][et_pb_column type=&#8221;1_4&#8243;][et_pb_blurb admin_label=&#8221;KANALOWE&#8221; title=&#8221;LECZENIE ENDODYCZNE&#8221; url=&#8221;https:\/\/www.regmed.pl\/index.php\/oferta\/leczenie-endodontyczne\/&#8221; url_new_window=&#8221;off&#8221; use_icon=&#8221;off&#8221; use_circle=&#8221;off&#8221; use_circle_border=&#8221;off&#8221; image=&#8221;https:\/\/www.regmed.pl\/wp-content\/uploads\/2017\/04\/20-1.png&#8221; icon_placement=&#8221;top&#8221; animation=&#8221;top&#8221; background_layout=&#8221;light&#8221; use_icon_font_size=&#8221;off&#8221; border_style=&#8221;solid&#8221; background_position=&#8221;top_left&#8221; background_repeat=&#8221;repeat&#8221; background_size=&#8221;initial&#8221; _builder_version=&#8221;3.0.51&#8243; \/][et_pb_blurb admin_label=&#8221;ZGRZYTANIE &#8221; title=&#8221;ZGRZYTANIE Z\u0118BAMI&#8221; url=&#8221;https:\/\/www.regmed.pl\/index.php\/oferta\/zgrzytanie-zebami\/&#8221; url_new_window=&#8221;off&#8221; use_icon=&#8221;off&#8221; use_circle=&#8221;off&#8221; use_circle_border=&#8221;off&#8221; image=&#8221;https:\/\/www.regmed.pl\/wp-content\/uploads\/2017\/04\/16.png&#8221; icon_placement=&#8221;top&#8221; animation=&#8221;top&#8221; background_layout=&#8221;light&#8221; use_icon_font_size=&#8221;off&#8221; border_style=&#8221;solid&#8221; background_position=&#8221;top_left&#8221; background_repeat=&#8221;repeat&#8221; background_size=&#8221;initial&#8221; _builder_version=&#8221;3.0.51&#8243; \/][et_pb_blurb admin_label=&#8221;CIAZA&#8221; title=&#8221;LECZENIE KOBIET W CI\u0104\u017bY&#8221; url=&#8221;https:\/\/www.regmed.pl\/index.php\/oferta\/leczenie-kobiet-w-ciazy\/&#8221; url_new_window=&#8221;off&#8221; use_icon=&#8221;off&#8221; use_circle=&#8221;off&#8221; use_circle_border=&#8221;off&#8221; image=&#8221;https:\/\/www.regmed.pl\/wp-content\/uploads\/2017\/04\/22.png&#8221; icon_placement=&#8221;top&#8221; animation=&#8221;top&#8221; background_layout=&#8221;light&#8221; use_icon_font_size=&#8221;off&#8221; border_style=&#8221;solid&#8221; background_position=&#8221;top_left&#8221; background_repeat=&#8221;repeat&#8221; background_size=&#8221;initial&#8221; _builder_version=&#8221;3.0.51&#8243; \/][\/et_pb_column][et_pb_column type=&#8221;1_4&#8243;][et_pb_blurb admin_label=&#8221;IMPLANTY&#8221; title=&#8221;IMPLANTY&#8221; url=&#8221;https:\/\/www.regmed.pl\/index.php\/oferta\/implantologia\/&#8221; url_new_window=&#8221;off&#8221; use_icon=&#8221;off&#8221; use_circle=&#8221;off&#8221; use_circle_border=&#8221;off&#8221; image=&#8221;https:\/\/www.regmed.pl\/wp-content\/uploads\/2017\/04\/7.png&#8221; icon_placement=&#8221;top&#8221; animation=&#8221;top&#8221; background_layout=&#8221;light&#8221; use_icon_font_size=&#8221;off&#8221; border_style=&#8221;solid&#8221; background_position=&#8221;top_left&#8221; background_repeat=&#8221;repeat&#8221; background_size=&#8221;initial&#8221; _builder_version=&#8221;3.0.51&#8243; \/][et_pb_blurb admin_label=&#8221;PROTETYKA&#8221; title=&#8221;LECZENIE PROTETYCZNE&#8221; url=&#8221;https:\/\/www.regmed.pl\/index.php\/oferta\/leczenie-protetyczne\/&#8221; url_new_window=&#8221;off&#8221; use_icon=&#8221;off&#8221; use_circle=&#8221;off&#8221; use_circle_border=&#8221;off&#8221; image=&#8221;https:\/\/www.regmed.pl\/wp-content\/uploads\/2017\/04\/26.png&#8221; icon_placement=&#8221;top&#8221; animation=&#8221;top&#8221; background_layout=&#8221;light&#8221; use_icon_font_size=&#8221;off&#8221; border_style=&#8221;solid&#8221; background_position=&#8221;top_left&#8221; background_repeat=&#8221;repeat&#8221; background_size=&#8221;initial&#8221; _builder_version=&#8221;3.0.51&#8243; \/][et_pb_blurb admin_label=&#8221;HIGIENIZACJA&#8221; title=&#8221;HIGIENIZACJA&#8221; url=&#8221;https:\/\/www.regmed.pl\/index.php\/oferta\/higienizacja\/&#8221; url_new_window=&#8221;off&#8221; use_icon=&#8221;off&#8221; use_circle=&#8221;off&#8221; use_circle_border=&#8221;off&#8221; image=&#8221;https:\/\/www.regmed.pl\/wp-content\/uploads\/2017\/04\/17.png&#8221; icon_placement=&#8221;top&#8221; animation=&#8221;top&#8221; background_layout=&#8221;light&#8221; use_icon_font_size=&#8221;off&#8221; border_style=&#8221;solid&#8221; background_position=&#8221;top_left&#8221; background_repeat=&#8221;repeat&#8221; background_size=&#8221;initial&#8221; _builder_version=&#8221;3.0.51&#8243; \/][\/et_pb_column][\/et_pb_row][et_pb_row admin_label=&#8221;Wiersz&#8221; make_fullwidth=&#8221;off&#8221; use_custom_width=&#8221;off&#8221; width_unit=&#8221;on&#8221; use_custom_gutter=&#8221;off&#8221; background_color=&#8221;#0b7372&#8243; allow_player_pause=&#8221;off&#8221; parallax=&#8221;off&#8221; parallax_method=&#8221;on&#8221; make_equal=&#8221;off&#8221; parallax_1=&#8221;off&#8221; parallax_method_1=&#8221;off&#8221; parallax_2=&#8221;off&#8221; parallax_method_2=&#8221;off&#8221; background_position=&#8221;top_left&#8221; background_repeat=&#8221;repeat&#8221; background_size=&#8221;initial&#8221;][et_pb_column type=&#8221;1_2&#8243;][et_pb_cta admin_label=&#8221;Ile to kosztuje?&#8221; title=&#8221;Ile to kosztuje?&#8221; button_url=&#8221;https:\/\/www.regmed.pl\/index.php\/cennik\/&#8221; url_new_window=&#8221;on&#8221; button_text=&#8221;Sprawd\u017a&#8221; use_background_color=&#8221;on&#8221; background_color=&#8221;#157271&#8243; background_layout=&#8221;dark&#8221; text_orientation=&#8221;center&#8221; use_border_color=&#8221;off&#8221; border_color=&#8221;#ffffff&#8221; border_style=&#8221;solid&#8221; custom_button=&#8221;off&#8221; button_letter_spacing=&#8221;0&#8243; button_use_icon=&#8221;default&#8221; button_icon_placement=&#8221;right&#8221; button_on_hover=&#8221;on&#8221; button_letter_spacing_hover=&#8221;0&#8243; background_position=&#8221;top_left&#8221; background_repeat=&#8221;repeat&#8221; background_size=&#8221;initial&#8221; \/][\/et_pb_column][et_pb_column type=&#8221;1_2&#8243;][et_pb_cta admin_label=&#8221;Kontakt &#8211; ;linki&#8221; title=&#8221;Masz pytania?&#8221; button_url=&#8221;https:\/\/www.regmed.pl\/index.php\/dojazd\/&#8221; url_new_window=&#8221;on&#8221; button_text=&#8221;Kontakt&#8221; use_background_color=&#8221;on&#8221; background_color=&#8221;#157271&#8243; background_layout=&#8221;dark&#8221; text_orientation=&#8221;center&#8221; use_border_color=&#8221;off&#8221; border_color=&#8221;#ffffff&#8221; border_style=&#8221;solid&#8221; custom_button=&#8221;off&#8221; button_letter_spacing=&#8221;0&#8243; button_use_icon=&#8221;default&#8221; button_icon_placement=&#8221;right&#8221; button_on_hover=&#8221;on&#8221; button_letter_spacing_hover=&#8221;0&#8243; background_position=&#8221;top_left&#8221; background_repeat=&#8221;repeat&#8221; background_size=&#8221;initial&#8221;]<\/p>\n<p>Zach\u0119camy do kontaktu telefonicznego:<br \/>\n<strong>71 367 62 11<\/strong> lub poprzez nasz formularz kontaktowy.<\/p>\n<p>[\/et_pb_cta][\/et_pb_column][\/et_pb_row][\/et_pb_section][et_pb_section bb_built=&#8221;1&#8243; admin_label=&#8221;Sekcja&#8221; fullwidth=&#8221;off&#8221; specialty=&#8221;off&#8221; transparent_background=&#8221;off&#8221; background_color=&#8221;#0b7372&#8243; allow_player_pause=&#8221;off&#8221; inner_shadow=&#8221;off&#8221; parallax=&#8221;off&#8221; parallax_method=&#8221;on&#8221; make_fullwidth=&#8221;off&#8221; use_custom_width=&#8221;off&#8221; width_unit=&#8221;on&#8221; make_equal=&#8221;off&#8221; use_custom_gutter=&#8221;off&#8221;][et_pb_row admin_label=&#8221;Wiersz&#8221; make_fullwidth=&#8221;off&#8221; use_custom_width=&#8221;off&#8221; width_unit=&#8221;on&#8221; use_custom_gutter=&#8221;off&#8221; allow_player_pause=&#8221;off&#8221; parallax=&#8221;off&#8221; parallax_method=&#8221;on&#8221; make_equal=&#8221;off&#8221; parallax_1=&#8221;off&#8221; parallax_method_1=&#8221;off&#8221; parallax_2=&#8221;off&#8221; parallax_method_2=&#8221;off&#8221; parallax_3=&#8221;off&#8221; parallax_method_3=&#8221;off&#8221; parallax_4=&#8221;off&#8221; parallax_method_4=&#8221;off&#8221; background_position=&#8221;top_left&#8221; background_repeat=&#8221;repeat&#8221; background_size=&#8221;initial&#8221; global_module=&#8221;340&#8243;][et_pb_column type=&#8221;1_4&#8243;][et_pb_image admin_label=&#8221;Obraz&#8221; global_parent=&#8221;340&#8243; src=&#8221;https:\/\/www.regmed.pl\/wp-content\/uploads\/2017\/04\/REGMED_LOGO_BIALE-PNG.png&#8221; show_in_lightbox=&#8221;off&#8221; url_new_window=&#8221;off&#8221; use_overlay=&#8221;off&#8221; animation=&#8221;left&#8221; sticky=&#8221;off&#8221; align=&#8221;left&#8221; force_fullwidth=&#8221;off&#8221; always_center_on_mobile=&#8221;on&#8221; use_border_color=&#8221;off&#8221; border_color=&#8221;#ffffff&#8221; border_style=&#8221;solid&#8221; \/][\/et_pb_column][et_pb_column type=&#8221;1_4&#8243;][et_pb_text admin_label=&#8221;Tekst&#8221; global_parent=&#8221;340&#8243; background_layout=&#8221;dark&#8221; text_orientation=&#8221;left&#8221; use_border_color=&#8221;off&#8221; border_color=&#8221;#ffffff&#8221; border_style=&#8221;solid&#8221; background_position=&#8221;top_left&#8221; background_repeat=&#8221;repeat&#8221; background_size=&#8221;initial&#8221;]<\/p>\n<p><strong>REGMED STOMATOLOGIA<\/strong><br \/>\nPRZYCHODNIA DENTYSTYCZNA<\/p>\n<div class=\"mod\" data-md=\"1002\" data-hveid=\"136\" data-ved=\"0ahUKEwjx78awnrvTAhUM2SwKHeXlA7YQkCkIiAEoAjAP\">\n<div class=\"_eFb\">\n<div class=\"_mr kno-fb-ctx\" data-dtype=\"d3adr\" data-ved=\"0ahUKEwjx78awnrvTAhUM2SwKHeXlA7YQghwIiQEoADAP\"><span class=\"_xdb\">Adres: <\/span><span class=\"_Xbe\">Nyska 70,<br \/>\n50-505 Wroc\u0142aw<\/span><\/div>\n<\/div>\n<\/div>\n<p>[\/et_pb_text][\/et_pb_column][et_pb_column type=&#8221;1_4&#8243;][et_pb_text admin_label=&#8221;Tekst&#8221; global_parent=&#8221;340&#8243; background_layout=&#8221;dark&#8221; text_orientation=&#8221;left&#8221; use_border_color=&#8221;off&#8221; border_color=&#8221;#ffffff&#8221; border_style=&#8221;solid&#8221; background_position=&#8221;top_left&#8221; background_repeat=&#8221;repeat&#8221; background_size=&#8221;initial&#8221;]<\/p>\n<p>GODZINY PRZYJ\u0118CIA PRZYCHODNI<br \/>\nPn \u2013 Pt: 8:00 \u2013 20:00<br \/>\nSobota:\u00a09:00 &#8211; 12:00<br \/>\nREJESTRACJA TELEFONICZNA:<br \/>\n<strong>71 367 62 11<\/strong><\/p>\n<p>[\/et_pb_text][\/et_pb_column][et_pb_column type=&#8221;1_4&#8243;][et_pb_text admin_label=&#8221;Tekst&#8221; global_parent=&#8221;340&#8243; background_layout=&#8221;dark&#8221; text_orientation=&#8221;left&#8221; use_border_color=&#8221;off&#8221; border_color=&#8221;#ffffff&#8221; border_style=&#8221;solid&#8221; background_position=&#8221;top_left&#8221; background_repeat=&#8221;repeat&#8221; background_size=&#8221;initial&#8221;]<\/p>\n<p><img loading=\"lazy\" decoding=\"async\" class=\"wp-image-312 alignleft\" src=\"https:\/\/www.regmed.pl\/wp-content\/uploads\/2017\/04\/bolizabek_beztla-165x300.png\" alt=\"\" width=\"68\" height=\"124\" srcset=\"https:\/\/www.regmed.pl\/wp-content\/uploads\/2017\/04\/bolizabek_beztla-165x300.png 165w, https:\/\/www.regmed.pl\/wp-content\/uploads\/2017\/04\/bolizabek_beztla.png 344w\" sizes=\"(max-width: 68px) 100vw, 68px\" \/><strong>Boliz\u0105bek<\/strong> &#8211; Wroc\u0142awski Krasnoludek<br \/>\npatron Przychodni REGMED.<\/p>\n<p>[\/et_pb_text][\/et_pb_column][\/et_pb_row][\/et_pb_section]<\/p>\n","protected":false},"excerpt":{"rendered":"<p>Zach\u0119camy do kontaktu telefonicznego: 71 367 62 11 lub poprzez nasz formularz kontaktowy. REGMED STOMATOLOGIA PRZYCHODNIA DENTYSTYCZNA Adres: Nyska 70, 50-505 Wroc\u0142aw GODZINY PRZYJ\u0118CIA PRZYCHODNI Pn \u2013 Pt: 8:00 \u2013 20:00 Sobota:\u00a09:00 &#8211; 12:00 REJESTRACJA TELEFONICZNA: 71 367 62 11 Boliz\u0105bek &#8211; Wroc\u0142awski Krasnoludek patron Przychodni REGMED.<\/p>\n","protected":false},"author":1,"featured_media":0,"parent":0,"menu_order":0,"comment_status":"closed","ping_status":"closed","template":"","meta":{"_et_pb_use_builder":"on","_et_pb_old_content":"","_et_gb_content_width":"","footnotes":""},"_links":{"self":[{"href":"https:\/\/www.regmed.pl\/index.php\/wp-json\/wp\/v2\/pages\/107"}],"collection":[{"href":"https:\/\/www.regmed.pl\/index.php\/wp-json\/wp\/v2\/pages"}],"about":[{"href":"https:\/\/www.regmed.pl\/index.php\/wp-json\/wp\/v2\/types\/page"}],"author":[{"embeddable":true,"href":"https:\/\/www.regmed.pl\/index.php\/wp-json\/wp\/v2\/users\/1"}],"replies":[{"embeddable":true,"href":"https:\/\/www.regmed.pl\/index.php\/wp-json\/wp\/v2\/comments?post=107"}],"version-history":[{"count":31,"href":"https:\/\/www.regmed.pl\/index.php\/wp-json\/wp\/v2\/pages\/107\/revisions"}],"predecessor-version":[{"id":798,"href":"https:\/\/www.regmed.pl\/index.php\/wp-json\/wp\/v2\/pages\/107\/revisions\/798"}],"wp:attachment":[{"href":"https:\/\/www.regmed.pl\/index.php\/wp-json\/wp\/v2\/media?parent=107"}],"curies":[{"name":"wp","href":"https:\/\/api.w.org\/{rel}","templated":true}]}}